{"id":2394,"date":"2025-03-05T14:36:39","date_gmt":"2025-03-05T14:36:39","guid":{"rendered":"https:\/\/phyto-san.com\/?post_type=product&#038;p=2394"},"modified":"2025-03-06T16:27:00","modified_gmt":"2025-03-06T16:27:00","slug":"bromatox-bloc-100g","status":"publish","type":"product","link":"https:\/\/phyto-san.com\/?product=bromatox-bloc-100g","title":{"rendered":"BROMATOX BLOC 100g"},"content":{"rendered":"<div id=\"description1\" class=\"tab-pane fade show active text_profile_paragraphe\" role=\"tabpanel\" aria-labelledby=\"description\">\n<div class=\"contenue_profile_paragraphe\">\n<div id=\"description1\" class=\"tab-pane fade show active text_profile_paragraphe\" role=\"tabpanel\" aria-labelledby=\"description\">\n<div class=\"contenue_profile_paragraphe\">\n<div id=\"description1\" class=\"tab-pane fade show active text_profile_paragraphe\" role=\"tabpanel\" aria-labelledby=\"description\">\n<div class=\"contenue_profile_paragraphe\">\n<div class=\"h-text h-text-component style-754 style-local-1038-c83 position-relative h-element\" data-colibri-id=\"1038-c83\">\n<div class=\"\">\n<div id=\"description1\" class=\"tab-pane fade show active text_profile_paragraphe\" role=\"tabpanel\" aria-labelledby=\"description\">\n<div class=\"contenue_profile_paragraphe\">\n<div id=\"description1\" class=\"tab-pane fade show active text_profile_paragraphe\" role=\"tabpanel\" aria-labelledby=\"description\">\n<div class=\"contenue_profile_paragraphe\">\n<div class=\"h-text h-text-component style-880 style-local-1038-c185 position-relative h-element\" data-colibri-id=\"1038-c185\">\n<div class=\"\">\n<div id=\"description1\" class=\"tab-pane fade show active text_profile_paragraphe\" role=\"tabpanel\" aria-labelledby=\"description\">\n<div class=\"contenue_profile_paragraphe\">\n<div id=\"description1\" class=\"tab-pane fade show active text_profile_paragraphe\" role=\"tabpanel\" aria-labelledby=\"description\">\n<div class=\"contenue_profile_paragraphe\">\n<div id=\"description1\" class=\"tab-pane fade show active text_profile_paragraphe\" role=\"tabpanel\" aria-labelledby=\"description\">\n<div class=\"contenue_profile_paragraphe\">\n<div id=\"description1\" class=\"tab-pane fade show active text_profile_paragraphe\" role=\"tabpanel\" aria-labelledby=\"description\">\n<div class=\"contenue_profile_paragraphe\">\n<div class=\"h-text h-text-component style-1027 style-local-1038-c311 position-relative h-element\" data-colibri-id=\"1038-c311\">\n<div class=\"\">\n<div id=\"description1\" class=\"tab-pane fade show active text_profile_paragraphe\" role=\"tabpanel\" aria-labelledby=\"description\">\n<div class=\"contenue_profile_paragraphe\">\n<div id=\"description1\" class=\"tab-pane fade show active text_profile_paragraphe\" role=\"tabpanel\" aria-labelledby=\"description\">\n<div class=\"contenue_profile_paragraphe\">\n<div id=\"description1\" class=\"tab-pane fade show active text_profile_paragraphe\" role=\"tabpanel\" aria-labelledby=\"description\">\n<div class=\"contenue_profile_paragraphe\">\n<div id=\"description1\" class=\"tab-pane fade show active text_profile_paragraphe\" role=\"tabpanel\" aria-labelledby=\"description\">\n<div class=\"contenue_profile_paragraphe\">\n<div id=\"description1\" class=\"tab-pane fade show active text_profile_paragraphe\" role=\"tabpanel\" aria-labelledby=\"description\">\n<div class=\"contenue_profile_paragraphe\">\n<div id=\"description1\" class=\"tab-pane fade show active text_profile_paragraphe\" role=\"tabpanel\" aria-labelledby=\"description\">\n<div class=\"contenue_profile_paragraphe\">\n<div id=\"description1\" class=\"tab-pane fade show active text_profile_paragraphe\" role=\"tabpanel\" aria-labelledby=\"description\">\n<div class=\"contenue_profile_paragraphe\">\n<div class=\"h-text h-text-component style-1104 style-local-1038-c377 position-relative h-element\" data-colibri-id=\"1038-c377\">\n<div class=\"\">\n<div id=\"description1\" class=\"tab-pane fade show active text_profile_paragraphe\" role=\"tabpanel\" aria-labelledby=\"description\">\n<div class=\"contenue_profile_paragraphe\">\n<div id=\"description1\" class=\"tab-pane fade show active text_profile_paragraphe\" role=\"tabpanel\" aria-labelledby=\"description\">\n<div class=\"contenue_profile_paragraphe\">\n<div id=\"description1\" class=\"tab-pane fade show active text_profile_paragraphe\" role=\"tabpanel\" aria-labelledby=\"description\">\n<div class=\"contenue_profile_paragraphe\">\n<div id=\"description1\" class=\"tab-pane fade show active text_profile_paragraphe\" role=\"tabpanel\" aria-labelledby=\"description\">\n<div class=\"contenue_profile_paragraphe\">\n<div id=\"description1\" class=\"tab-pane fade show active text_profile_paragraphe\" role=\"tabpanel\" aria-labelledby=\"description\">\n<div class=\"contenue_profile_paragraphe\">\n<p><strong>BROMATOX<\/strong> est un nouveau bloc contenat une mati\u00e8re active de 2\u00e8me g\u00e9n\u00e9ration. Il est issu d&rsquo;une recette ultra attractive int\u00e9gr\u00e9e dans une formulation coul\u00e9e tr\u00e8s r\u00e9sistante aux atmosph\u00e8res humides.<\/p>\n<p><strong>BROMATOX<\/strong> est efficace sur Rats et Souris \u00e0 faible dose. Il est propos\u00e9 en deux formats :<br \/>\n&#8211; 20g trou\u00e9 pour un positionnement dans les postes d&rsquo;app\u00e2tages.<br \/>\n&#8211; 100g avec crochet int\u00e9gr\u00e9 pour permettre une suspension rapide dans les regards (\u00e9gouts).<\/p>\n<\/div>\n<\/div>\n<\/div>\n<\/div>\n<\/div>\n<\/div>\n<\/div>\n<\/div>\n<\/div>\n<\/div>\n<\/div>\n<\/div>\n<\/div>\n<\/div>\n<\/div>\n<\/div>\n<\/div>\n<\/div>\n<\/div>\n<\/div>\n<\/div>\n<\/div>\n<\/div>\n<\/div>\n<\/div>\n<\/div>\n<\/div>\n<\/div>\n<\/div>\n<\/div>\n<\/div>\n<\/div>\n<\/div>\n<\/div>\n<\/div>\n<\/div>\n<\/div>\n<\/div>\n<\/div>\n<\/div>\n<\/div>\n<\/div>\n<\/div>\n<\/div>\n<\/div>\n<\/div>\n<\/div>\n<\/div>\n<\/div>\n<\/div>\n","protected":false},"excerpt":{"rendered":"<div class=\"title_page_produit\">\n<div class=\"title_page_produit\">\n<div class=\"title_page_produit\">\n<h2>BROMATOX BLOC 100g<\/h2>\n<p>Sp\u00e9cial milieux chauds \/ humides<\/p>\n<\/div>\n<div class=\"list_page_produit\">\n<ul>\n<li><strong>Bloc coul\u00e9 r\u00e9sistant en 20g ou 100g<\/strong><\/li>\n<li>R\u00e9siste en milieux humides ou \u00e0 fortes chaleurs<\/li>\n<li>Recette professionnelle<\/li>\n<li><strong>Version 100g sp\u00e9cial \u00e9gouts (avec crochet)<\/strong><\/li>\n<\/ul>\n<\/div>\n<\/div>\n<\/div>\n","protected":false},"featured_media":2395,"comment_status":"open","ping_status":"closed","template":"","meta":{"site-sidebar-layout":"default","site-content-layout":"","ast-site-content-layout":"default","site-content-style":"default","site-sidebar-style":"default","ast-global-header-display":"","ast-banner-title-visibility":"","ast-main-header-display":"","ast-hfb-above-header-display":"","ast-hfb-below-header-display":"","ast-hfb-mobile-header-display":"","site-post-title":"","ast-breadcrumbs-content":"","ast-featured-img":"","footer-sml-layout":"","theme-transparent-header-meta":"default","adv-header-id-meta":"","stick-header-meta":"","header-above-stick-meta":"","header-main-stick-meta":"","header-below-stick-meta":"","astra-migrate-meta-layouts":"set","ast-page-background-enabled":"default","ast-page-background-meta":{"desktop":{"background-color":"","background-image":"","background-repeat":"repeat","background-position":"center center","background-size":"auto","background-attachment":"scroll","background-type":"","background-media":"","overlay-type":"","overlay-color":"","overlay-opacity":"","overlay-gradient":""},"tablet":{"background-color":"","background-image":"","background-repeat":"repeat","background-position":"center center","background-size":"auto","background-attachment":"scroll","background-type":"","background-media":"","overlay-type":"","overlay-color":"","overlay-opacity":"","overlay-gradient":""},"mobile":{"background-color":"","background-image":"","background-repeat":"repeat","background-position":"center center","background-size":"auto","background-attachment":"scroll","background-type":"","background-media":"","overlay-type":"","overlay-color":"","overlay-opacity":"","overlay-gradient":""}},"ast-content-background-meta":{"desktop":{"background-color":"var(--ast-global-color-5)","background-image":"","background-repeat":"repeat","background-position":"center center","background-size":"auto","background-attachment":"scroll","background-type":"","background-media":"","overlay-type":"","overlay-color":"","overlay-opacity":"","overlay-gradient":""},"tablet":{"background-color":"var(--ast-global-color-5)","background-image":"","background-repeat":"repeat","background-position":"center center","background-size":"auto","background-attachment":"scroll","background-type":"","background-media":"","overlay-type":"","overlay-color":"","overlay-opacity":"","overlay-gradient":""},"mobile":{"background-color":"var(--ast-global-color-5)","background-image":"","background-repeat":"repeat","background-position":"center center","background-size":"auto","background-attachment":"scroll","background-type":"","background-media":"","overlay-type":"","overlay-color":"","overlay-opacity":"","overlay-gradient":""}},"_themeisle_gutenberg_block_has_review":false,"_kadence_starter_templates_imported_post":false},"product_brand":[],"product_cat":[20,47],"product_tag":[],"class_list":{"0":"post-2394","1":"product","2":"type-product","3":"status-publish","4":"has-post-thumbnail","6":"product_cat-non-classe","7":"product_cat-phyto-san","8":"desktop-align-left","9":"tablet-align-left","10":"mobile-align-left","12":"first","13":"instock","14":"shipping-taxable","15":"product-type-simple"},"_links":{"self":[{"href":"https:\/\/phyto-san.com\/index.php?rest_route=\/wp\/v2\/product\/2394","targetHints":{"allow":["GET"]}}],"collection":[{"href":"https:\/\/phyto-san.com\/index.php?rest_route=\/wp\/v2\/product"}],"about":[{"href":"https:\/\/phyto-san.com\/index.php?rest_route=\/wp\/v2\/types\/product"}],"replies":[{"embeddable":true,"href":"https:\/\/phyto-san.com\/index.php?rest_route=%2Fwp%2Fv2%2Fcomments&post=2394"}],"wp:featuredmedia":[{"embeddable":true,"href":"https:\/\/phyto-san.com\/index.php?rest_route=\/wp\/v2\/media\/2395"}],"wp:attachment":[{"href":"https:\/\/phyto-san.com\/index.php?rest_route=%2Fwp%2Fv2%2Fmedia&parent=2394"}],"wp:term":[{"taxonomy":"product_brand","embeddable":true,"href":"https:\/\/phyto-san.com\/index.php?rest_route=%2Fwp%2Fv2%2Fproduct_brand&post=2394"},{"taxonomy":"product_cat","embeddable":true,"href":"https:\/\/phyto-san.com\/index.php?rest_route=%2Fwp%2Fv2%2Fproduct_cat&post=2394"},{"taxonomy":"product_tag","embeddable":true,"href":"https:\/\/phyto-san.com\/index.php?rest_route=%2Fwp%2Fv2%2Fproduct_tag&post=2394"}],"curies":[{"name":"wp","href":"https:\/\/api.w.org\/{rel}","templated":true}]}}