{"id":2368,"date":"2025-03-05T14:13:17","date_gmt":"2025-03-05T14:13:17","guid":{"rendered":"https:\/\/phyto-san.com\/?post_type=product&#038;p=2368"},"modified":"2025-03-06T16:27:00","modified_gmt":"2025-03-06T16:27:00","slug":"smart-box","status":"publish","type":"product","link":"https:\/\/phyto-san.com\/?product=smart-box","title":{"rendered":"SMART BOX"},"content":{"rendered":"<div id=\"description1\" class=\"tab-pane fade show active text_profile_paragraphe\" role=\"tabpanel\" aria-labelledby=\"description\">\n<div class=\"contenue_profile_paragraphe\">\n<div id=\"description1\" class=\"tab-pane fade show active text_profile_paragraphe\" role=\"tabpanel\" aria-labelledby=\"description\">\n<div class=\"contenue_profile_paragraphe\">\n<div id=\"description1\" class=\"tab-pane fade show active text_profile_paragraphe\" role=\"tabpanel\" aria-labelledby=\"description\">\n<div class=\"contenue_profile_paragraphe\">\n<div class=\"h-text h-text-component style-754 style-local-1038-c83 position-relative h-element\" data-colibri-id=\"1038-c83\">\n<div class=\"\">\n<div id=\"description1\" class=\"tab-pane fade show active text_profile_paragraphe\" role=\"tabpanel\" aria-labelledby=\"description\">\n<div class=\"contenue_profile_paragraphe\">\n<div id=\"description1\" class=\"tab-pane fade show active text_profile_paragraphe\" role=\"tabpanel\" aria-labelledby=\"description\">\n<div class=\"contenue_profile_paragraphe\">\n<div class=\"h-text h-text-component style-880 style-local-1038-c185 position-relative h-element\" data-colibri-id=\"1038-c185\">\n<div class=\"\">\n<div id=\"description1\" class=\"tab-pane fade show active text_profile_paragraphe\" role=\"tabpanel\" aria-labelledby=\"description\">\n<div class=\"contenue_profile_paragraphe\">\n<div id=\"description1\" class=\"tab-pane fade show active text_profile_paragraphe\" role=\"tabpanel\" aria-labelledby=\"description\">\n<div class=\"contenue_profile_paragraphe\">\n<div id=\"description1\" class=\"tab-pane fade show active text_profile_paragraphe\" role=\"tabpanel\" aria-labelledby=\"description\">\n<div class=\"contenue_profile_paragraphe\">\n<div id=\"description1\" class=\"tab-pane fade show active text_profile_paragraphe\" role=\"tabpanel\" aria-labelledby=\"description\">\n<div class=\"contenue_profile_paragraphe\">\n<div class=\"h-text h-text-component style-1027 style-local-1038-c311 position-relative h-element\" data-colibri-id=\"1038-c311\">\n<div class=\"\">\n<div id=\"description1\" class=\"tab-pane fade show active text_profile_paragraphe\" role=\"tabpanel\" aria-labelledby=\"description\">\n<div class=\"contenue_profile_paragraphe\">\n<div id=\"description1\" class=\"tab-pane fade show active text_profile_paragraphe\" role=\"tabpanel\" aria-labelledby=\"description\">\n<div class=\"contenue_profile_paragraphe\">\n<div id=\"description1\" class=\"tab-pane fade show active text_profile_paragraphe\" role=\"tabpanel\" aria-labelledby=\"description\">\n<div class=\"contenue_profile_paragraphe\">\n<div id=\"description1\" class=\"tab-pane fade show active text_profile_paragraphe\" role=\"tabpanel\" aria-labelledby=\"description\">\n<div class=\"contenue_profile_paragraphe\">\n<div id=\"description1\" class=\"tab-pane fade show active text_profile_paragraphe\" role=\"tabpanel\" aria-labelledby=\"description\">\n<div class=\"contenue_profile_paragraphe\">\n<div id=\"description1\" class=\"tab-pane fade show active text_profile_paragraphe\" role=\"tabpanel\" aria-labelledby=\"description\">\n<div class=\"contenue_profile_paragraphe\">\n<div id=\"description1\" class=\"tab-pane fade show active text_profile_paragraphe\" role=\"tabpanel\" aria-labelledby=\"description\">\n<div class=\"contenue_profile_paragraphe\">\n<div class=\"h-text h-text-component style-1104 style-local-1038-c377 position-relative h-element\" data-colibri-id=\"1038-c377\">\n<div class=\"\">\n<div id=\"description1\" class=\"tab-pane fade show active text_profile_paragraphe\" role=\"tabpanel\" aria-labelledby=\"description\">\n<div class=\"contenue_profile_paragraphe\"><strong>SMART BOX\u00a0<\/strong>est le plus petit poste d\u2019app\u00e2tage de la gamme PAN, au design sp\u00e9cifiquement \u00e9tudi\u00e9 pour les op\u00e9rations de contr\u00f4le des souris (Mus musculus) par les moyens chimiques (anticoagulants bloc et p\u00e2te) ou nonchimique (avec une tapette \u00e0 installer \u00e0 l\u2019int\u00e9rieur et une fente de visualisation du d\u00e9clenchement.<br \/>\nSon format r\u00e9duit ainsi que la forte densit\u00e9 de son plastique en font un poste de qualit\u00e9 pour les professionnels de l\u2019hygi\u00e8ne 3D en recherche d\u2019un dispositif adapt\u00e9 \u00e0 la d\u00e9sourisation.<br \/>\n<strong>SMART BOX<\/strong> r\u00e9unit les avantages d\u2019un poste solide et compact avec une s\u00e9curit\u00e9 d\u2019emploi gr\u00e2ce \u00e0 l\u2019ouverture avec clef et la tige m\u00e9tal de fixation des app\u00e2ts de mani\u00e8re horizontale pour toujours garantir une consommation sur place par les souris, sans risque de dispersion des app\u00e2ts anticoagulants.<strong>SMART BOX<\/strong> est facile \u00e0 utiliser et \u00e0 nettoyer, et permet une grande discr\u00e9tion lors des op\u00e9rations sur le terrain car l\u2019ouverture lat\u00e9rale permet de le fixer contre le mur tout en n\u2019occupant que tr\u00e8s peu de place en hauteur et profondeur (id\u00e9al pour les recoins, les espaces r\u00e9duits, sous les meubles et machines, derri\u00e8re les portes\u2026.)<br \/>\nPoste de couleur noir anti-reflets \u00ab Deep dark technology \u00bb, en polypropyl\u00e8ne antichocs et anti-UV.<br \/>\nChaque poste inclus une tige de fixation et une clef de s\u00e9curit\u00e9.<\/p>\n<\/div>\n<\/div>\n<\/div>\n<\/div>\n<\/div>\n<\/div>\n<\/div>\n<\/div>\n<\/div>\n<\/div>\n<\/div>\n<\/div>\n<\/div>\n<\/div>\n<\/div>\n<\/div>\n<\/div>\n<\/div>\n<\/div>\n<\/div>\n<\/div>\n<\/div>\n<\/div>\n<\/div>\n<\/div>\n<\/div>\n<\/div>\n<\/div>\n<\/div>\n<\/div>\n<\/div>\n<\/div>\n<\/div>\n<\/div>\n<\/div>\n<\/div>\n<\/div>\n<\/div>\n<\/div>\n<\/div>\n<\/div>\n<\/div>\n","protected":false},"excerpt":{"rendered":"<div class=\"title_page_produit\">\n<div class=\"title_page_produit\">\n<h2>SMART BOX<\/h2>\n<p>Mini et costaud !<\/p>\n<\/div>\n<div class=\"list_page_produit\">\n<ul>\n<li>Poste s\u00e9curis\u00e9 sp\u00e9cifique pour les souris<\/li>\n<li>Ouverture lat\u00e9rale avec tige de fixation<\/li>\n<li>Tr\u00e8s discret une fois install\u00e9<\/li>\n<li>Compatible blocs, p\u00e2tes et tapette<\/li>\n<\/ul>\n<\/div>\n<\/div>\n","protected":false},"featured_media":2369,"comment_status":"open","ping_status":"closed","template":"","meta":{"site-sidebar-layout":"default","site-content-layout":"","ast-site-content-layout":"default","site-content-style":"default","site-sidebar-style":"default","ast-global-header-display":"","ast-banner-title-visibility":"","ast-main-header-display":"","ast-hfb-above-header-display":"","ast-hfb-below-header-display":"","ast-hfb-mobile-header-display":"","site-post-title":"","ast-breadcrumbs-content":"","ast-featured-img":"","footer-sml-layout":"","theme-transparent-header-meta":"default","adv-header-id-meta":"","stick-header-meta":"","header-above-stick-meta":"","header-main-stick-meta":"","header-below-stick-meta":"","astra-migrate-meta-layouts":"set","ast-page-background-enabled":"default","ast-page-background-meta":{"desktop":{"background-color":"","background-image":"","background-repeat":"repeat","background-position":"center center","background-size":"auto","background-attachment":"scroll","background-type":"","background-media":"","overlay-type":"","overlay-color":"","overlay-opacity":"","overlay-gradient":""},"tablet":{"background-color":"","background-image":"","background-repeat":"repeat","background-position":"center center","background-size":"auto","background-attachment":"scroll","background-type":"","background-media":"","overlay-type":"","overlay-color":"","overlay-opacity":"","overlay-gradient":""},"mobile":{"background-color":"","background-image":"","background-repeat":"repeat","background-position":"center center","background-size":"auto","background-attachment":"scroll","background-type":"","background-media":"","overlay-type":"","overlay-color":"","overlay-opacity":"","overlay-gradient":""}},"ast-content-background-meta":{"desktop":{"background-color":"var(--ast-global-color-5)","background-image":"","background-repeat":"repeat","background-position":"center center","background-size":"auto","background-attachment":"scroll","background-type":"","background-media":"","overlay-type":"","overlay-color":"","overlay-opacity":"","overlay-gradient":""},"tablet":{"background-color":"var(--ast-global-color-5)","background-image":"","background-repeat":"repeat","background-position":"center center","background-size":"auto","background-attachment":"scroll","background-type":"","background-media":"","overlay-type":"","overlay-color":"","overlay-opacity":"","overlay-gradient":""},"mobile":{"background-color":"var(--ast-global-color-5)","background-image":"","background-repeat":"repeat","background-position":"center center","background-size":"auto","background-attachment":"scroll","background-type":"","background-media":"","overlay-type":"","overlay-color":"","overlay-opacity":"","overlay-gradient":""}},"_themeisle_gutenberg_block_has_review":false,"_kadence_starter_templates_imported_post":false},"product_brand":[],"product_cat":[20,47],"product_tag":[],"class_list":{"0":"post-2368","1":"product","2":"type-product","3":"status-publish","4":"has-post-thumbnail","6":"product_cat-non-classe","7":"product_cat-phyto-san","8":"desktop-align-left","9":"tablet-align-left","10":"mobile-align-left","12":"first","13":"instock","14":"shipping-taxable","15":"product-type-simple"},"_links":{"self":[{"href":"https:\/\/phyto-san.com\/index.php?rest_route=\/wp\/v2\/product\/2368","targetHints":{"allow":["GET"]}}],"collection":[{"href":"https:\/\/phyto-san.com\/index.php?rest_route=\/wp\/v2\/product"}],"about":[{"href":"https:\/\/phyto-san.com\/index.php?rest_route=\/wp\/v2\/types\/product"}],"replies":[{"embeddable":true,"href":"https:\/\/phyto-san.com\/index.php?rest_route=%2Fwp%2Fv2%2Fcomments&post=2368"}],"wp:featuredmedia":[{"embeddable":true,"href":"https:\/\/phyto-san.com\/index.php?rest_route=\/wp\/v2\/media\/2369"}],"wp:attachment":[{"href":"https:\/\/phyto-san.com\/index.php?rest_route=%2Fwp%2Fv2%2Fmedia&parent=2368"}],"wp:term":[{"taxonomy":"product_brand","embeddable":true,"href":"https:\/\/phyto-san.com\/index.php?rest_route=%2Fwp%2Fv2%2Fproduct_brand&post=2368"},{"taxonomy":"product_cat","embeddable":true,"href":"https:\/\/phyto-san.com\/index.php?rest_route=%2Fwp%2Fv2%2Fproduct_cat&post=2368"},{"taxonomy":"product_tag","embeddable":true,"href":"https:\/\/phyto-san.com\/index.php?rest_route=%2Fwp%2Fv2%2Fproduct_tag&post=2368"}],"curies":[{"name":"wp","href":"https:\/\/api.w.org\/{rel}","templated":true}]}}