{"id":2341,"date":"2025-03-05T13:52:04","date_gmt":"2025-03-05T13:52:04","guid":{"rendered":"https:\/\/phyto-san.com\/?post_type=product&#038;p=2341"},"modified":"2025-03-06T16:27:41","modified_gmt":"2025-03-06T16:27:41","slug":"unitrap","status":"publish","type":"product","link":"https:\/\/phyto-san.com\/?product=unitrap","title":{"rendered":"UNITRAP"},"content":{"rendered":"<div id=\"description1\" class=\"tab-pane fade show active text_profile_paragraphe\" role=\"tabpanel\" aria-labelledby=\"description\">\n<div class=\"contenue_profile_paragraphe\">\n<div id=\"description1\" class=\"tab-pane fade show active text_profile_paragraphe\" role=\"tabpanel\" aria-labelledby=\"description\">\n<div class=\"contenue_profile_paragraphe\">\n<div id=\"description1\" class=\"tab-pane fade show active text_profile_paragraphe\" role=\"tabpanel\" aria-labelledby=\"description\">\n<div class=\"contenue_profile_paragraphe\">\n<div class=\"h-text h-text-component style-754 style-local-1038-c83 position-relative h-element\" data-colibri-id=\"1038-c83\">\n<div class=\"\">\n<div id=\"description1\" class=\"tab-pane fade show active text_profile_paragraphe\" role=\"tabpanel\" aria-labelledby=\"description\">\n<div class=\"contenue_profile_paragraphe\">\n<div id=\"description1\" class=\"tab-pane fade show active text_profile_paragraphe\" role=\"tabpanel\" aria-labelledby=\"description\">\n<div class=\"contenue_profile_paragraphe\">\n<div class=\"h-text h-text-component style-880 style-local-1038-c185 position-relative h-element\" data-colibri-id=\"1038-c185\">\n<div class=\"\">\n<div id=\"description1\" class=\"tab-pane fade show active text_profile_paragraphe\" role=\"tabpanel\" aria-labelledby=\"description\">\n<div class=\"contenue_profile_paragraphe\">\n<div id=\"description1\" class=\"tab-pane fade show active text_profile_paragraphe\" role=\"tabpanel\" aria-labelledby=\"description\">\n<div class=\"contenue_profile_paragraphe\">\n<div id=\"description1\" class=\"tab-pane fade show active text_profile_paragraphe\" role=\"tabpanel\" aria-labelledby=\"description\">\n<div class=\"contenue_profile_paragraphe\">\n<div id=\"description1\" class=\"tab-pane fade show active text_profile_paragraphe\" role=\"tabpanel\" aria-labelledby=\"description\">\n<div class=\"contenue_profile_paragraphe\">\n<div class=\"h-text h-text-component style-1027 style-local-1038-c311 position-relative h-element\" data-colibri-id=\"1038-c311\">\n<div class=\"\">\n<div id=\"description1\" class=\"tab-pane fade show active text_profile_paragraphe\" role=\"tabpanel\" aria-labelledby=\"description\">\n<div class=\"contenue_profile_paragraphe\">\n<div id=\"description1\" class=\"tab-pane fade show active text_profile_paragraphe\" role=\"tabpanel\" aria-labelledby=\"description\">\n<div class=\"contenue_profile_paragraphe\">\n<div id=\"description1\" class=\"tab-pane fade show active text_profile_paragraphe\" role=\"tabpanel\" aria-labelledby=\"description\">\n<div class=\"contenue_profile_paragraphe\">\n<div id=\"description1\" class=\"tab-pane fade show active text_profile_paragraphe\" role=\"tabpanel\" aria-labelledby=\"description\">\n<div class=\"contenue_profile_paragraphe\">\n<div id=\"description1\" class=\"tab-pane fade show active text_profile_paragraphe\" role=\"tabpanel\" aria-labelledby=\"description\">\n<div class=\"contenue_profile_paragraphe\">\n<div id=\"description1\" class=\"tab-pane fade show active text_profile_paragraphe\" role=\"tabpanel\" aria-labelledby=\"description\">\n<div class=\"contenue_profile_paragraphe\">\n<div id=\"description1\" class=\"tab-pane fade show active text_profile_paragraphe\" role=\"tabpanel\" aria-labelledby=\"description\">\n<div class=\"contenue_profile_paragraphe\">\n<div class=\"h-text h-text-component style-1104 style-local-1038-c377 position-relative h-element\" data-colibri-id=\"1038-c377\">\n<div class=\"\">\n<p><strong>UNITRAP<\/strong>\u00a0est un pi\u00e8ge triangulaire rev\u00eatu d\u2019une colle sp\u00e9ciale. Ce pi\u00e8ge est d\u00e9di\u00e9 aux traitements contre la mite des textiles en utilisant la ph\u00e9romone r\u00e9f 158 (vendue s\u00e9par\u00e9ment) : le papillon m\u00e2le est alors imm\u00e9diatement attir\u00e9 et pi\u00e9g\u00e9, emp\u00eachant ainsi la reproduction de l\u2019insecte.\u00a0La ph\u00e9romone reste active 8 semaines !<\/p>\n<p><strong>Il s\u2019agit d\u2019un v\u00e9ritable outil de monitoring<\/strong>\u00a0exig\u00e9 par les responsables qualit\u00e9 en Agro-alimentaire dans le cadre de la d\u00e9marche HACCP qui rend obligatoire des actions de suivis et de contr\u00f4les r\u00e9guliers avec vision pr\u00e9ventive.<\/p>\n<\/div>\n<\/div>\n<\/div>\n<\/div>\n<\/div>\n<\/div>\n<\/div>\n<\/div>\n<\/div>\n<\/div>\n<\/div>\n<\/div>\n<\/div>\n<\/div>\n<\/div>\n<\/div>\n<\/div>\n<\/div>\n<\/div>\n<\/div>\n<\/div>\n<\/div>\n<\/div>\n<\/div>\n<\/div>\n<\/div>\n<\/div>\n<\/div>\n<\/div>\n<\/div>\n<\/div>\n<\/div>\n<\/div>\n<\/div>\n<\/div>\n<\/div>\n<\/div>\n<\/div>\n<\/div>\n<\/div>\n","protected":false},"excerpt":{"rendered":"<p>UNITRAP\u00a0est un pi\u00e8ge triangulaire rev\u00eatu d\u2019une colle sp\u00e9ciale. Ce pi\u00e8ge est d\u00e9di\u00e9 aux traitements contre la mite des textiles en utilisant la ph\u00e9romone r\u00e9f 158 (vendue s\u00e9par\u00e9ment) : le papillon m\u00e2le est alors imm\u00e9diatement attir\u00e9 et pi\u00e9g\u00e9, emp\u00eachant ainsi la reproduction de l\u2019insecte.\u00a0La ph\u00e9romone reste active 8 semaines ! Il s\u2019agit d\u2019un v\u00e9ritable outil de [&hellip;]<\/p>\n","protected":false},"featured_media":2342,"comment_status":"open","ping_status":"closed","template":"","meta":{"site-sidebar-layout":"default","site-content-layout":"","ast-site-content-layout":"default","site-content-style":"default","site-sidebar-style":"default","ast-global-header-display":"","ast-banner-title-visibility":"","ast-main-header-display":"","ast-hfb-above-header-display":"","ast-hfb-below-header-display":"","ast-hfb-mobile-header-display":"","site-post-title":"","ast-breadcrumbs-content":"","ast-featured-img":"","footer-sml-layout":"","theme-transparent-header-meta":"default","adv-header-id-meta":"","stick-header-meta":"","header-above-stick-meta":"","header-main-stick-meta":"","header-below-stick-meta":"","astra-migrate-meta-layouts":"set","ast-page-background-enabled":"default","ast-page-background-meta":{"desktop":{"background-color":"","background-image":"","background-repeat":"repeat","background-position":"center center","background-size":"auto","background-attachment":"scroll","background-type":"","background-media":"","overlay-type":"","overlay-color":"","overlay-opacity":"","overlay-gradient":""},"tablet":{"background-color":"","background-image":"","background-repeat":"repeat","background-position":"center center","background-size":"auto","background-attachment":"scroll","background-type":"","background-media":"","overlay-type":"","overlay-color":"","overlay-opacity":"","overlay-gradient":""},"mobile":{"background-color":"","background-image":"","background-repeat":"repeat","background-position":"center center","background-size":"auto","background-attachment":"scroll","background-type":"","background-media":"","overlay-type":"","overlay-color":"","overlay-opacity":"","overlay-gradient":""}},"ast-content-background-meta":{"desktop":{"background-color":"var(--ast-global-color-5)","background-image":"","background-repeat":"repeat","background-position":"center center","background-size":"auto","background-attachment":"scroll","background-type":"","background-media":"","overlay-type":"","overlay-color":"","overlay-opacity":"","overlay-gradient":""},"tablet":{"background-color":"var(--ast-global-color-5)","background-image":"","background-repeat":"repeat","background-position":"center center","background-size":"auto","background-attachment":"scroll","background-type":"","background-media":"","overlay-type":"","overlay-color":"","overlay-opacity":"","overlay-gradient":""},"mobile":{"background-color":"var(--ast-global-color-5)","background-image":"","background-repeat":"repeat","background-position":"center center","background-size":"auto","background-attachment":"scroll","background-type":"","background-media":"","overlay-type":"","overlay-color":"","overlay-opacity":"","overlay-gradient":""}},"_themeisle_gutenberg_block_has_review":false,"_kadence_starter_templates_imported_post":false},"product_brand":[],"product_cat":[20,47],"product_tag":[],"class_list":{"0":"post-2341","1":"product","2":"type-product","3":"status-publish","4":"has-post-thumbnail","6":"product_cat-non-classe","7":"product_cat-phyto-san","8":"desktop-align-left","9":"tablet-align-left","10":"mobile-align-left","12":"first","13":"instock","14":"shipping-taxable","15":"product-type-simple"},"_links":{"self":[{"href":"https:\/\/phyto-san.com\/index.php?rest_route=\/wp\/v2\/product\/2341","targetHints":{"allow":["GET"]}}],"collection":[{"href":"https:\/\/phyto-san.com\/index.php?rest_route=\/wp\/v2\/product"}],"about":[{"href":"https:\/\/phyto-san.com\/index.php?rest_route=\/wp\/v2\/types\/product"}],"replies":[{"embeddable":true,"href":"https:\/\/phyto-san.com\/index.php?rest_route=%2Fwp%2Fv2%2Fcomments&post=2341"}],"wp:featuredmedia":[{"embeddable":true,"href":"https:\/\/phyto-san.com\/index.php?rest_route=\/wp\/v2\/media\/2342"}],"wp:attachment":[{"href":"https:\/\/phyto-san.com\/index.php?rest_route=%2Fwp%2Fv2%2Fmedia&parent=2341"}],"wp:term":[{"taxonomy":"product_brand","embeddable":true,"href":"https:\/\/phyto-san.com\/index.php?rest_route=%2Fwp%2Fv2%2Fproduct_brand&post=2341"},{"taxonomy":"product_cat","embeddable":true,"href":"https:\/\/phyto-san.com\/index.php?rest_route=%2Fwp%2Fv2%2Fproduct_cat&post=2341"},{"taxonomy":"product_tag","embeddable":true,"href":"https:\/\/phyto-san.com\/index.php?rest_route=%2Fwp%2Fv2%2Fproduct_tag&post=2341"}],"curies":[{"name":"wp","href":"https:\/\/api.w.org\/{rel}","templated":true}]}}