{"id":2285,"date":"2025-03-05T12:55:17","date_gmt":"2025-03-05T12:55:17","guid":{"rendered":"https:\/\/phyto-san.com\/?post_type=product&#038;p=2285"},"modified":"2025-03-06T16:28:08","modified_gmt":"2025-03-06T16:28:08","slug":"ekomille","status":"publish","type":"product","link":"https:\/\/phyto-san.com\/?product=ekomille","title":{"rendered":"EKOMILLE"},"content":{"rendered":"<div id=\"description1\" class=\"tab-pane fade show active text_profile_paragraphe\" role=\"tabpanel\" aria-labelledby=\"description\">\n<div class=\"contenue_profile_paragraphe\">\n<div id=\"description1\" class=\"tab-pane fade show active text_profile_paragraphe\" role=\"tabpanel\" aria-labelledby=\"description\">\n<div class=\"contenue_profile_paragraphe\">\n<div id=\"description1\" class=\"tab-pane fade show active text_profile_paragraphe\" role=\"tabpanel\" aria-labelledby=\"description\">\n<div class=\"contenue_profile_paragraphe\">\n<div class=\"h-text h-text-component style-754 style-local-1038-c83 position-relative h-element\" data-colibri-id=\"1038-c83\">\n<div class=\"\">\n<div id=\"description1\" class=\"tab-pane fade show active text_profile_paragraphe\" role=\"tabpanel\" aria-labelledby=\"description\">\n<div class=\"contenue_profile_paragraphe\">\n<div id=\"description1\" class=\"tab-pane fade show active text_profile_paragraphe\" role=\"tabpanel\" aria-labelledby=\"description\">\n<div class=\"contenue_profile_paragraphe\">\n<div class=\"h-text h-text-component style-880 style-local-1038-c185 position-relative h-element\" data-colibri-id=\"1038-c185\">\n<div class=\"\">\n<div id=\"description1\" class=\"tab-pane fade show active text_profile_paragraphe\" role=\"tabpanel\" aria-labelledby=\"description\">\n<div class=\"contenue_profile_paragraphe\">\n<div id=\"description1\" class=\"tab-pane fade show active text_profile_paragraphe\" role=\"tabpanel\" aria-labelledby=\"description\">\n<div class=\"contenue_profile_paragraphe\">\n<div id=\"description1\" class=\"tab-pane fade show active text_profile_paragraphe\" role=\"tabpanel\" aria-labelledby=\"description\">\n<div class=\"contenue_profile_paragraphe\">\n<p><strong>EKOMILLE<\/strong> est une nouveaut\u00e9 exclusive PAN destin\u00e9s aux professionnels 3D qui veulent offrir \u00e0 leur client une d\u00e9ratisation efficace et aussi une alternative innovante pour les lieux \u00e0 forte comp\u00e9tition alimentaire (restaurants, boulangeries) et soumis aux normes types IFS, BRC, AIB et autres (usines agro-alimentaires, conserverie,\u00a0minoteries, supermarch\u00e9s, etc\u2026.)<\/p>\n<p>Sans danger et non-polluant, EKOMILLE est un pi\u00e8ge en plastique renforc\u00e9, aliment\u00e9 par une pile 9V (fournie) pour un fonctionnement \u00e9lectrom\u00e9canique<br \/>\nbrevet\u00e9 et redoutable.<\/p>\n<p>Il est tr\u00e8s simple \u00e0 utiliser et sans danger pour les enfants, les animaux ou les denr\u00e9es alimentaires car ne repose sur aucune substance toxique.<\/p>\n<p>EKOMILLE est une v\u00e9ritable station \u00e9cologique de \u00a0capture des rongeurs.<br \/>\nIls sont attir\u00e9s par l\u2019odeur d\u2019un attractif naturel et sont pi\u00e9g\u00e9s instantan\u00e9ment puis stock\u00e9s dans un bac sp\u00e9cifique qui neutralise les mauvaises odeurs. Les rongeurs meurent tr\u00e8s vitent par noyade, sans bruit et sans atroces souffrances.<\/p>\n<p>EKOMILE est un dispositif r\u00e9serv\u00e9 aux professionnels 3D et qui a d\u00e9ja fait ses preuves dans de nombreux pays \u00e0 travers le monde (Italie, France, Allemagne, Espagne, Anglettere, USA&#8230;)<\/p>\n<p>Son utilisation est recommand\u00e9e avec des caches sp\u00e9cifiques combinant m\u00e9tal et bois afin de prot\u00e9ger la station de tout acte de vandalisme.<\/p>\n<p>PAN accompagne chaque nouvel utilisateur sur le terrain lors de la 1\u00e8re installation afin de former vos \u00e9quipes \u00e0 exploiter tout le potentiel d\u2019EKOMILLE.<\/p>\n<\/div>\n<\/div>\n<\/div>\n<\/div>\n<\/div>\n<\/div>\n<\/div>\n<\/div>\n<\/div>\n<\/div>\n<\/div>\n<\/div>\n<\/div>\n<\/div>\n<\/div>\n<\/div>\n<\/div>\n<\/div>\n<\/div>\n<\/div>\n","protected":false},"excerpt":{"rendered":"<div class=\"title_page_produit\">\n<h2>EKOMILLE<\/h2>\n<p>L\u2019\u00e9cologique en CONTINU !<\/p>\n<\/div>\n<div class=\"list_page_produit\">\n<ul>\n<li><strong>Pi\u00e8ge r\u00e9volutionnaire et non-toxique<\/strong><\/li>\n<li>Capture en continu des rongeurs<\/li>\n<li>Un concept totalement UNIQUE au Maroc<\/li>\n<li><strong>Un outil id\u00e9al en Agro-alimentaire (HACCP)<\/strong><\/li>\n<li>Affichage du nombre de rongeurs captur\u00e9s<\/li>\n<\/ul>\n<\/div>\n","protected":false},"featured_media":2286,"comment_status":"open","ping_status":"closed","template":"","meta":{"site-sidebar-layout":"default","site-content-layout":"","ast-site-content-layout":"default","site-content-style":"default","site-sidebar-style":"default","ast-global-header-display":"","ast-banner-title-visibility":"","ast-main-header-display":"","ast-hfb-above-header-display":"","ast-hfb-below-header-display":"","ast-hfb-mobile-header-display":"","site-post-title":"","ast-breadcrumbs-content":"","ast-featured-img":"","footer-sml-layout":"","theme-transparent-header-meta":"default","adv-header-id-meta":"","stick-header-meta":"","header-above-stick-meta":"","header-main-stick-meta":"","header-below-stick-meta":"","astra-migrate-meta-layouts":"set","ast-page-background-enabled":"default","ast-page-background-meta":{"desktop":{"background-color":"","background-image":"","background-repeat":"repeat","background-position":"center center","background-size":"auto","background-attachment":"scroll","background-type":"","background-media":"","overlay-type":"","overlay-color":"","overlay-opacity":"","overlay-gradient":""},"tablet":{"background-color":"","background-image":"","background-repeat":"repeat","background-position":"center center","background-size":"auto","background-attachment":"scroll","background-type":"","background-media":"","overlay-type":"","overlay-color":"","overlay-opacity":"","overlay-gradient":""},"mobile":{"background-color":"","background-image":"","background-repeat":"repeat","background-position":"center center","background-size":"auto","background-attachment":"scroll","background-type":"","background-media":"","overlay-type":"","overlay-color":"","overlay-opacity":"","overlay-gradient":""}},"ast-content-background-meta":{"desktop":{"background-color":"var(--ast-global-color-5)","background-image":"","background-repeat":"repeat","background-position":"center center","background-size":"auto","background-attachment":"scroll","background-type":"","background-media":"","overlay-type":"","overlay-color":"","overlay-opacity":"","overlay-gradient":""},"tablet":{"background-color":"var(--ast-global-color-5)","background-image":"","background-repeat":"repeat","background-position":"center center","background-size":"auto","background-attachment":"scroll","background-type":"","background-media":"","overlay-type":"","overlay-color":"","overlay-opacity":"","overlay-gradient":""},"mobile":{"background-color":"var(--ast-global-color-5)","background-image":"","background-repeat":"repeat","background-position":"center center","background-size":"auto","background-attachment":"scroll","background-type":"","background-media":"","overlay-type":"","overlay-color":"","overlay-opacity":"","overlay-gradient":""}},"_themeisle_gutenberg_block_has_review":false,"_kadence_starter_templates_imported_post":false},"product_brand":[],"product_cat":[20,47],"product_tag":[],"class_list":{"0":"post-2285","1":"product","2":"type-product","3":"status-publish","4":"has-post-thumbnail","6":"product_cat-non-classe","7":"product_cat-phyto-san","8":"desktop-align-left","9":"tablet-align-left","10":"mobile-align-left","12":"first","13":"instock","14":"shipping-taxable","15":"product-type-simple"},"_links":{"self":[{"href":"https:\/\/phyto-san.com\/index.php?rest_route=\/wp\/v2\/product\/2285","targetHints":{"allow":["GET"]}}],"collection":[{"href":"https:\/\/phyto-san.com\/index.php?rest_route=\/wp\/v2\/product"}],"about":[{"href":"https:\/\/phyto-san.com\/index.php?rest_route=\/wp\/v2\/types\/product"}],"replies":[{"embeddable":true,"href":"https:\/\/phyto-san.com\/index.php?rest_route=%2Fwp%2Fv2%2Fcomments&post=2285"}],"wp:featuredmedia":[{"embeddable":true,"href":"https:\/\/phyto-san.com\/index.php?rest_route=\/wp\/v2\/media\/2286"}],"wp:attachment":[{"href":"https:\/\/phyto-san.com\/index.php?rest_route=%2Fwp%2Fv2%2Fmedia&parent=2285"}],"wp:term":[{"taxonomy":"product_brand","embeddable":true,"href":"https:\/\/phyto-san.com\/index.php?rest_route=%2Fwp%2Fv2%2Fproduct_brand&post=2285"},{"taxonomy":"product_cat","embeddable":true,"href":"https:\/\/phyto-san.com\/index.php?rest_route=%2Fwp%2Fv2%2Fproduct_cat&post=2285"},{"taxonomy":"product_tag","embeddable":true,"href":"https:\/\/phyto-san.com\/index.php?rest_route=%2Fwp%2Fv2%2Fproduct_tag&post=2285"}],"curies":[{"name":"wp","href":"https:\/\/api.w.org\/{rel}","templated":true}]}}