{"id":2283,"date":"2025-03-05T12:53:29","date_gmt":"2025-03-05T12:53:29","guid":{"rendered":"https:\/\/phyto-san.com\/?post_type=product&#038;p=2283"},"modified":"2025-03-06T16:28:08","modified_gmt":"2025-03-06T16:28:08","slug":"cage-multicapture-rats","status":"publish","type":"product","link":"https:\/\/phyto-san.com\/?product=cage-multicapture-rats","title":{"rendered":"CAGE MULTICAPTURE RATS"},"content":{"rendered":"<div id=\"description1\" class=\"tab-pane fade show active text_profile_paragraphe\" role=\"tabpanel\" aria-labelledby=\"description\">\n<div class=\"contenue_profile_paragraphe\">\n<div id=\"description1\" class=\"tab-pane fade show active text_profile_paragraphe\" role=\"tabpanel\" aria-labelledby=\"description\">\n<div class=\"contenue_profile_paragraphe\">\n<div id=\"description1\" class=\"tab-pane fade show active text_profile_paragraphe\" role=\"tabpanel\" aria-labelledby=\"description\">\n<div class=\"contenue_profile_paragraphe\">\n<div class=\"h-text h-text-component style-754 style-local-1038-c83 position-relative h-element\" data-colibri-id=\"1038-c83\">\n<div class=\"\">\n<div id=\"description1\" class=\"tab-pane fade show active text_profile_paragraphe\" role=\"tabpanel\" aria-labelledby=\"description\">\n<div class=\"contenue_profile_paragraphe\">\n<div id=\"description1\" class=\"tab-pane fade show active text_profile_paragraphe\" role=\"tabpanel\" aria-labelledby=\"description\">\n<div class=\"contenue_profile_paragraphe\">\n<div class=\"h-text h-text-component style-880 style-local-1038-c185 position-relative h-element\" data-colibri-id=\"1038-c185\">\n<div class=\"\">\n<div id=\"description1\" class=\"tab-pane fade show active text_profile_paragraphe\" role=\"tabpanel\" aria-labelledby=\"description\">\n<div class=\"contenue_profile_paragraphe\">\n<div id=\"description1\" class=\"tab-pane fade show active text_profile_paragraphe\" role=\"tabpanel\" aria-labelledby=\"description\">\n<div class=\"contenue_profile_paragraphe\">\n<div id=\"description1\" class=\"tab-pane fade show active text_profile_paragraphe\" role=\"tabpanel\" aria-labelledby=\"description\">\n<div class=\"contenue_profile_paragraphe\"><strong>Cage \u00e0 capture multiple<\/strong> construite en acier au maillage fin pour \u00e9viter que les rats puissent ressortir. Pour la lutte dite \u00ab\u00e9cologique\u00bb dans les ext\u00e9rieurs ou les int\u00e9rieurs sensibles (magasins, minoteries, jardins&#8230;)<br \/>\nSyst\u00e8me de trappe \u00e0 bascule avec repositionnement automatique.<\/div>\n<\/div>\n<\/div>\n<\/div>\n<\/div>\n<\/div>\n<\/div>\n<\/div>\n<\/div>\n<\/div>\n<\/div>\n<\/div>\n<\/div>\n<\/div>\n<\/div>\n<\/div>\n<\/div>\n<\/div>\n<\/div>\n<\/div>\n","protected":false},"excerpt":{"rendered":"<p>Cage \u00e0 capture multiple construite en acier au maillage fin pour \u00e9viter que les rats puissent ressortir. Pour la lutte dite \u00ab\u00e9cologique\u00bb dans les ext\u00e9rieurs ou les int\u00e9rieurs sensibles (magasins, minoteries, jardins&#8230;) Syst\u00e8me de trappe \u00e0 bascule avec repositionnement automatique.<\/p>\n","protected":false},"featured_media":2284,"comment_status":"open","ping_status":"closed","template":"","meta":{"site-sidebar-layout":"default","site-content-layout":"","ast-site-content-layout":"default","site-content-style":"default","site-sidebar-style":"default","ast-global-header-display":"","ast-banner-title-visibility":"","ast-main-header-display":"","ast-hfb-above-header-display":"","ast-hfb-below-header-display":"","ast-hfb-mobile-header-display":"","site-post-title":"","ast-breadcrumbs-content":"","ast-featured-img":"","footer-sml-layout":"","theme-transparent-header-meta":"default","adv-header-id-meta":"","stick-header-meta":"","header-above-stick-meta":"","header-main-stick-meta":"","header-below-stick-meta":"","astra-migrate-meta-layouts":"set","ast-page-background-enabled":"default","ast-page-background-meta":{"desktop":{"background-color":"","background-image":"","background-repeat":"repeat","background-position":"center center","background-size":"auto","background-attachment":"scroll","background-type":"","background-media":"","overlay-type":"","overlay-color":"","overlay-opacity":"","overlay-gradient":""},"tablet":{"background-color":"","background-image":"","background-repeat":"repeat","background-position":"center center","background-size":"auto","background-attachment":"scroll","background-type":"","background-media":"","overlay-type":"","overlay-color":"","overlay-opacity":"","overlay-gradient":""},"mobile":{"background-color":"","background-image":"","background-repeat":"repeat","background-position":"center center","background-size":"auto","background-attachment":"scroll","background-type":"","background-media":"","overlay-type":"","overlay-color":"","overlay-opacity":"","overlay-gradient":""}},"ast-content-background-meta":{"desktop":{"background-color":"var(--ast-global-color-5)","background-image":"","background-repeat":"repeat","background-position":"center center","background-size":"auto","background-attachment":"scroll","background-type":"","background-media":"","overlay-type":"","overlay-color":"","overlay-opacity":"","overlay-gradient":""},"tablet":{"background-color":"var(--ast-global-color-5)","background-image":"","background-repeat":"repeat","background-position":"center center","background-size":"auto","background-attachment":"scroll","background-type":"","background-media":"","overlay-type":"","overlay-color":"","overlay-opacity":"","overlay-gradient":""},"mobile":{"background-color":"var(--ast-global-color-5)","background-image":"","background-repeat":"repeat","background-position":"center center","background-size":"auto","background-attachment":"scroll","background-type":"","background-media":"","overlay-type":"","overlay-color":"","overlay-opacity":"","overlay-gradient":""}},"_themeisle_gutenberg_block_has_review":false,"_kadence_starter_templates_imported_post":false},"product_brand":[],"product_cat":[20,47],"product_tag":[],"class_list":{"0":"post-2283","1":"product","2":"type-product","3":"status-publish","4":"has-post-thumbnail","6":"product_cat-non-classe","7":"product_cat-phyto-san","8":"desktop-align-left","9":"tablet-align-left","10":"mobile-align-left","12":"first","13":"instock","14":"shipping-taxable","15":"product-type-simple"},"_links":{"self":[{"href":"https:\/\/phyto-san.com\/index.php?rest_route=\/wp\/v2\/product\/2283","targetHints":{"allow":["GET"]}}],"collection":[{"href":"https:\/\/phyto-san.com\/index.php?rest_route=\/wp\/v2\/product"}],"about":[{"href":"https:\/\/phyto-san.com\/index.php?rest_route=\/wp\/v2\/types\/product"}],"replies":[{"embeddable":true,"href":"https:\/\/phyto-san.com\/index.php?rest_route=%2Fwp%2Fv2%2Fcomments&post=2283"}],"wp:featuredmedia":[{"embeddable":true,"href":"https:\/\/phyto-san.com\/index.php?rest_route=\/wp\/v2\/media\/2284"}],"wp:attachment":[{"href":"https:\/\/phyto-san.com\/index.php?rest_route=%2Fwp%2Fv2%2Fmedia&parent=2283"}],"wp:term":[{"taxonomy":"product_brand","embeddable":true,"href":"https:\/\/phyto-san.com\/index.php?rest_route=%2Fwp%2Fv2%2Fproduct_brand&post=2283"},{"taxonomy":"product_cat","embeddable":true,"href":"https:\/\/phyto-san.com\/index.php?rest_route=%2Fwp%2Fv2%2Fproduct_cat&post=2283"},{"taxonomy":"product_tag","embeddable":true,"href":"https:\/\/phyto-san.com\/index.php?rest_route=%2Fwp%2Fv2%2Fproduct_tag&post=2283"}],"curies":[{"name":"wp","href":"https:\/\/api.w.org\/{rel}","templated":true}]}}