{"id":2238,"date":"2025-03-05T11:59:07","date_gmt":"2025-03-05T11:59:07","guid":{"rendered":"https:\/\/phyto-san.com\/?post_type=product&#038;p=2238"},"modified":"2025-03-06T16:28:30","modified_gmt":"2025-03-06T16:28:30","slug":"pyregreen-5-0","status":"publish","type":"product","link":"https:\/\/phyto-san.com\/?product=pyregreen-5-0","title":{"rendered":"PYREGREEN 5.0"},"content":{"rendered":"<div id=\"description1\" class=\"tab-pane fade show active text_profile_paragraphe\" role=\"tabpanel\" aria-labelledby=\"description\">\n<div class=\"contenue_profile_paragraphe\">\n<div id=\"description1\" class=\"tab-pane fade show active text_profile_paragraphe\" role=\"tabpanel\" aria-labelledby=\"description\">\n<div class=\"contenue_profile_paragraphe\">\n<div id=\"description1\" class=\"tab-pane fade show active text_profile_paragraphe\" role=\"tabpanel\" aria-labelledby=\"description\">\n<div class=\"contenue_profile_paragraphe\">\n<div class=\"h-text h-text-component style-754 style-local-1038-c83 position-relative h-element\" data-colibri-id=\"1038-c83\">\n<div class=\"\">\n<div id=\"description1\" class=\"tab-pane fade show active text_profile_paragraphe\" role=\"tabpanel\" aria-labelledby=\"description\">\n<div class=\"contenue_profile_paragraphe\">\n<p><strong>PYREGREEN 5.0 <\/strong>est un insecticide liquide concentr\u00e9 \u00e0 base de Pyr\u00e8thre naturel, <strong>formul\u00e9 avec des composants d\u2019origine v\u00e9g\u00e9tale<\/strong>. Les pyr\u00e9thrines ont des propri\u00e9t\u00e9s insecticides reconnues dans le monde entier et sont issues de fleurs Tanacetum cinerariifolium. Le pyr\u00e8thre agit (par contact ou par ingestion) sur le syst\u00e8me nerveux des insectes.<\/p>\n<p><strong>PYREGREEN 5.0<\/strong> est indiqu\u00e9 pour les traitements chocs (effet imm\u00e9diat) et sans r\u00e9sidus toxiques car <strong>les pyr\u00e9thrines se d\u00e9gradent naturellement et rapidement<\/strong> \u00e0 la lumi\u00e8re (photo-d\u00e9gradation) et au contact de l\u2019air (oxydation).<\/p>\n<p><strong>PYREGREEN 5.0 est recommand\u00e9 pour les lieux dits \u00ab sensibles \u00bb comme les industries Agro-alimentaires<\/strong> lors d\u2019infestations ponctuelles ou de vides sanitaires, mais aussi les boulangeries, restaurants, abattoirs, h\u00f4pitaux, h\u00f4tels\u2026. Il agit sur les insectes volants et rampants (cafards, mouches, moustiques) et les ravageurs des denr\u00e9es stock\u00e9es (charan\u00e7ons, t\u00e9n\u00e9brions, mites, vrillettes du pain, sylvains, dermestes, lasiodermes).<\/p>\n<\/div>\n<\/div>\n<\/div>\n<\/div>\n<\/div>\n<\/div>\n<\/div>\n<\/div>\n<\/div>\n<\/div>\n","protected":false},"excerpt":{"rendered":"<div class=\"title_page_produit\">\n<h2>PYREGREEN 5.0<\/h2>\n<p>L\u2019insecticide BIO<\/p>\n<\/div>\n<div class=\"list_page_produit\">\n<ul>\n<li>Insecticide \u00e0 large spectre (rampants\/volants)<\/li>\n<li><strong>Formulation v\u00e9g\u00e9tale \u00e0 base de Pyr\u00e8thre naturel<\/strong><\/li>\n<li>Id\u00e9al pour industries et locaux agro-alimentaires<\/li>\n<li><strong>Effet CHOC sans r\u00e9sidus toxiques<\/strong><\/li>\n<li>Pour Pulv\u00e9risation, N\u00e9bulisation ou Fumigation<\/li>\n<\/ul>\n<\/div>\n","protected":false},"featured_media":2239,"comment_status":"open","ping_status":"closed","template":"","meta":{"site-sidebar-layout":"default","site-content-layout":"","ast-site-content-layout":"default","site-content-style":"default","site-sidebar-style":"default","ast-global-header-display":"","ast-banner-title-visibility":"","ast-main-header-display":"","ast-hfb-above-header-display":"","ast-hfb-below-header-display":"","ast-hfb-mobile-header-display":"","site-post-title":"","ast-breadcrumbs-content":"","ast-featured-img":"","footer-sml-layout":"","theme-transparent-header-meta":"default","adv-header-id-meta":"","stick-header-meta":"","header-above-stick-meta":"","header-main-stick-meta":"","header-below-stick-meta":"","astra-migrate-meta-layouts":"set","ast-page-background-enabled":"default","ast-page-background-meta":{"desktop":{"background-color":"","background-image":"","background-repeat":"repeat","background-position":"center center","background-size":"auto","background-attachment":"scroll","background-type":"","background-media":"","overlay-type":"","overlay-color":"","overlay-opacity":"","overlay-gradient":""},"tablet":{"background-color":"","background-image":"","background-repeat":"repeat","background-position":"center center","background-size":"auto","background-attachment":"scroll","background-type":"","background-media":"","overlay-type":"","overlay-color":"","overlay-opacity":"","overlay-gradient":""},"mobile":{"background-color":"","background-image":"","background-repeat":"repeat","background-position":"center center","background-size":"auto","background-attachment":"scroll","background-type":"","background-media":"","overlay-type":"","overlay-color":"","overlay-opacity":"","overlay-gradient":""}},"ast-content-background-meta":{"desktop":{"background-color":"var(--ast-global-color-5)","background-image":"","background-repeat":"repeat","background-position":"center center","background-size":"auto","background-attachment":"scroll","background-type":"","background-media":"","overlay-type":"","overlay-color":"","overlay-opacity":"","overlay-gradient":""},"tablet":{"background-color":"var(--ast-global-color-5)","background-image":"","background-repeat":"repeat","background-position":"center center","background-size":"auto","background-attachment":"scroll","background-type":"","background-media":"","overlay-type":"","overlay-color":"","overlay-opacity":"","overlay-gradient":""},"mobile":{"background-color":"var(--ast-global-color-5)","background-image":"","background-repeat":"repeat","background-position":"center center","background-size":"auto","background-attachment":"scroll","background-type":"","background-media":"","overlay-type":"","overlay-color":"","overlay-opacity":"","overlay-gradient":""}},"_themeisle_gutenberg_block_has_review":false,"_kadence_starter_templates_imported_post":false},"product_brand":[],"product_cat":[20,47],"product_tag":[],"class_list":{"0":"post-2238","1":"product","2":"type-product","3":"status-publish","4":"has-post-thumbnail","6":"product_cat-non-classe","7":"product_cat-phyto-san","8":"desktop-align-left","9":"tablet-align-left","10":"mobile-align-left","12":"first","13":"instock","14":"shipping-taxable","15":"product-type-simple"},"_links":{"self":[{"href":"https:\/\/phyto-san.com\/index.php?rest_route=\/wp\/v2\/product\/2238","targetHints":{"allow":["GET"]}}],"collection":[{"href":"https:\/\/phyto-san.com\/index.php?rest_route=\/wp\/v2\/product"}],"about":[{"href":"https:\/\/phyto-san.com\/index.php?rest_route=\/wp\/v2\/types\/product"}],"replies":[{"embeddable":true,"href":"https:\/\/phyto-san.com\/index.php?rest_route=%2Fwp%2Fv2%2Fcomments&post=2238"}],"wp:featuredmedia":[{"embeddable":true,"href":"https:\/\/phyto-san.com\/index.php?rest_route=\/wp\/v2\/media\/2239"}],"wp:attachment":[{"href":"https:\/\/phyto-san.com\/index.php?rest_route=%2Fwp%2Fv2%2Fmedia&parent=2238"}],"wp:term":[{"taxonomy":"product_brand","embeddable":true,"href":"https:\/\/phyto-san.com\/index.php?rest_route=%2Fwp%2Fv2%2Fproduct_brand&post=2238"},{"taxonomy":"product_cat","embeddable":true,"href":"https:\/\/phyto-san.com\/index.php?rest_route=%2Fwp%2Fv2%2Fproduct_cat&post=2238"},{"taxonomy":"product_tag","embeddable":true,"href":"https:\/\/phyto-san.com\/index.php?rest_route=%2Fwp%2Fv2%2Fproduct_tag&post=2238"}],"curies":[{"name":"wp","href":"https:\/\/api.w.org\/{rel}","templated":true}]}}