{"id":2233,"date":"2025-03-05T11:51:38","date_gmt":"2025-03-05T11:51:38","guid":{"rendered":"https:\/\/phyto-san.com\/?post_type=product&#038;p=2233"},"modified":"2025-03-06T16:28:30","modified_gmt":"2025-03-06T16:28:30","slug":"advion-wdg","status":"publish","type":"product","link":"https:\/\/phyto-san.com\/?product=advion-wdg","title":{"rendered":"ADVION WDG"},"content":{"rendered":"<div id=\"description1\" class=\"tab-pane fade show active text_profile_paragraphe\" role=\"tabpanel\" aria-labelledby=\"description\">\n<div class=\"contenue_profile_paragraphe\">\n<div id=\"description1\" class=\"tab-pane fade show active text_profile_paragraphe\" role=\"tabpanel\" aria-labelledby=\"description\">\n<div class=\"contenue_profile_paragraphe\">\n<div id=\"description1\" class=\"tab-pane fade show active text_profile_paragraphe\" role=\"tabpanel\" aria-labelledby=\"description\">\n<div class=\"contenue_profile_paragraphe\">\n<div class=\"h-text h-text-component style-754 style-local-1038-c83 position-relative h-element\" data-colibri-id=\"1038-c83\">\n<div class=\"\">\n<div id=\"description1\" class=\"tab-pane fade show active text_profile_paragraphe\" role=\"tabpanel\" aria-labelledby=\"description\">\n<div class=\"contenue_profile_paragraphe\">\n<p><strong>ADVION WDG<\/strong> est unique car il agit sur d\u2019autres points sensibles <u>pour combattre la r\u00e9sistance des nuisibles<\/u>. Il n\u2019est pas d\u00e9tectable par les insectes pour favoriser consid\u00e9rablement le contact et <strong>il permet pour la 1\u00e8re fois de combiner le gel cafards ou fourmis avec une pulv\u00e9risation cibl\u00e9e de ADVION WDG<\/strong> d\u00e8s le 1er passage !<br \/>\nC\u2019est le seul liquide qui agit par effet cascade avec transmission en profondeur dans les nids de l\u2019insecticide activ\u00e9.<br \/>\nSon effet d\u00e9marre au bout de 2 \u00e0 3 heures apr\u00e8s application et <strong>reste actif durant 30 jours MINIMUM<\/strong> sur les surfaces (y compris les sols porteux).<\/p>\n<p><strong>ADVION WDG<\/strong> est un insecticide aux nombreux avantages :<br \/>\n&#8211; Non-r\u00e9pulsif pour favoriser le contact et \u00e9viter la fuite des insectes<br \/>\n&#8211; Bio activation par les enzymes des insectes nuisibles : lutte cibl\u00e9e<br \/>\n&#8211; Liquide non-t\u00e2chant, non-odorant, et non-colmatant pour les pulv\u00e9risateurs<br \/>\n&#8211; Formulation en granul\u00e9s solubles qui assure une meilleure r\u00e9manence<br \/>\n&#8211; Combat la r\u00e9sistance des insectes (l\u2019un des rares insecticides non-pyr\u00e9thrinoides)<\/p>\n<\/div>\n<\/div>\n<\/div>\n<\/div>\n<\/div>\n<\/div>\n<\/div>\n<\/div>\n<\/div>\n<\/div>\n","protected":false},"excerpt":{"rendered":"<div class=\"title_page_produit\">\n<h2>ADVION WDG<\/h2>\n<p>le 1er insecticide liquide bio-actif<\/p>\n<\/div>\n<div class=\"list_page_produit\">\n<ul>\n<li>Une m\u00e9thode de lutte unique et inodore<\/li>\n<li><strong>Une toxicit\u00e9 quasi-nulle pour les humains et animaux<\/strong><\/li>\n<li>Une nouvelle mati\u00e8re active avec effet cascade<\/li>\n<li><strong>Liquide non-r\u00e9pulsif : compatible avec la pose de gel !<\/strong><\/li>\n<li>Sachet mono-dose : fini le gaspillage et le surdosage<\/li>\n<\/ul>\n<\/div>\n","protected":false},"featured_media":2234,"comment_status":"open","ping_status":"closed","template":"","meta":{"site-sidebar-layout":"default","site-content-layout":"","ast-site-content-layout":"default","site-content-style":"default","site-sidebar-style":"default","ast-global-header-display":"","ast-banner-title-visibility":"","ast-main-header-display":"","ast-hfb-above-header-display":"","ast-hfb-below-header-display":"","ast-hfb-mobile-header-display":"","site-post-title":"","ast-breadcrumbs-content":"","ast-featured-img":"","footer-sml-layout":"","theme-transparent-header-meta":"default","adv-header-id-meta":"","stick-header-meta":"","header-above-stick-meta":"","header-main-stick-meta":"","header-below-stick-meta":"","astra-migrate-meta-layouts":"set","ast-page-background-enabled":"default","ast-page-background-meta":{"desktop":{"background-color":"","background-image":"","background-repeat":"repeat","background-position":"center center","background-size":"auto","background-attachment":"scroll","background-type":"","background-media":"","overlay-type":"","overlay-color":"","overlay-opacity":"","overlay-gradient":""},"tablet":{"background-color":"","background-image":"","background-repeat":"repeat","background-position":"center center","background-size":"auto","background-attachment":"scroll","background-type":"","background-media":"","overlay-type":"","overlay-color":"","overlay-opacity":"","overlay-gradient":""},"mobile":{"background-color":"","background-image":"","background-repeat":"repeat","background-position":"center center","background-size":"auto","background-attachment":"scroll","background-type":"","background-media":"","overlay-type":"","overlay-color":"","overlay-opacity":"","overlay-gradient":""}},"ast-content-background-meta":{"desktop":{"background-color":"var(--ast-global-color-5)","background-image":"","background-repeat":"repeat","background-position":"center center","background-size":"auto","background-attachment":"scroll","background-type":"","background-media":"","overlay-type":"","overlay-color":"","overlay-opacity":"","overlay-gradient":""},"tablet":{"background-color":"var(--ast-global-color-5)","background-image":"","background-repeat":"repeat","background-position":"center center","background-size":"auto","background-attachment":"scroll","background-type":"","background-media":"","overlay-type":"","overlay-color":"","overlay-opacity":"","overlay-gradient":""},"mobile":{"background-color":"var(--ast-global-color-5)","background-image":"","background-repeat":"repeat","background-position":"center center","background-size":"auto","background-attachment":"scroll","background-type":"","background-media":"","overlay-type":"","overlay-color":"","overlay-opacity":"","overlay-gradient":""}},"_themeisle_gutenberg_block_has_review":false,"_kadence_starter_templates_imported_post":false},"product_brand":[],"product_cat":[20,47],"product_tag":[],"class_list":{"0":"post-2233","1":"product","2":"type-product","3":"status-publish","4":"has-post-thumbnail","6":"product_cat-non-classe","7":"product_cat-phyto-san","8":"desktop-align-left","9":"tablet-align-left","10":"mobile-align-left","12":"first","13":"instock","14":"shipping-taxable","15":"product-type-simple"},"_links":{"self":[{"href":"https:\/\/phyto-san.com\/index.php?rest_route=\/wp\/v2\/product\/2233","targetHints":{"allow":["GET"]}}],"collection":[{"href":"https:\/\/phyto-san.com\/index.php?rest_route=\/wp\/v2\/product"}],"about":[{"href":"https:\/\/phyto-san.com\/index.php?rest_route=\/wp\/v2\/types\/product"}],"replies":[{"embeddable":true,"href":"https:\/\/phyto-san.com\/index.php?rest_route=%2Fwp%2Fv2%2Fcomments&post=2233"}],"wp:featuredmedia":[{"embeddable":true,"href":"https:\/\/phyto-san.com\/index.php?rest_route=\/wp\/v2\/media\/2234"}],"wp:attachment":[{"href":"https:\/\/phyto-san.com\/index.php?rest_route=%2Fwp%2Fv2%2Fmedia&parent=2233"}],"wp:term":[{"taxonomy":"product_brand","embeddable":true,"href":"https:\/\/phyto-san.com\/index.php?rest_route=%2Fwp%2Fv2%2Fproduct_brand&post=2233"},{"taxonomy":"product_cat","embeddable":true,"href":"https:\/\/phyto-san.com\/index.php?rest_route=%2Fwp%2Fv2%2Fproduct_cat&post=2233"},{"taxonomy":"product_tag","embeddable":true,"href":"https:\/\/phyto-san.com\/index.php?rest_route=%2Fwp%2Fv2%2Fproduct_tag&post=2233"}],"curies":[{"name":"wp","href":"https:\/\/api.w.org\/{rel}","templated":true}]}}