{"id":2224,"date":"2025-03-05T11:40:08","date_gmt":"2025-03-05T11:40:08","guid":{"rendered":"https:\/\/phyto-san.com\/?post_type=product&#038;p=2224"},"modified":"2025-03-06T16:28:30","modified_gmt":"2025-03-06T16:28:30","slug":"advion-gel-blattes","status":"publish","type":"product","link":"https:\/\/phyto-san.com\/?product=advion-gel-blattes","title":{"rendered":"MAGNUM GEL FOURMIS IGR"},"content":{"rendered":"<div id=\"description1\" class=\"tab-pane fade show active text_profile_paragraphe\" role=\"tabpanel\" aria-labelledby=\"description\">\n<div class=\"contenue_profile_paragraphe\">\n<div id=\"description1\" class=\"tab-pane fade show active text_profile_paragraphe\" role=\"tabpanel\" aria-labelledby=\"description\">\n<div class=\"contenue_profile_paragraphe\">\n<div id=\"description1\" class=\"tab-pane fade show active text_profile_paragraphe\" role=\"tabpanel\" aria-labelledby=\"description\">\n<div class=\"contenue_profile_paragraphe\">\n<div class=\"h-text h-text-component style-754 style-local-1038-c83 position-relative h-element\" data-colibri-id=\"1038-c83\">\n<div class=\"\">\n<div id=\"description1\" class=\"tab-pane fade show active text_profile_paragraphe\" role=\"tabpanel\" aria-labelledby=\"description\">\n<div class=\"contenue_profile_paragraphe\">\n<p><strong>MAGNUM GEL Fourmis IGR Plus<\/strong> est irr\u00e9sistible pour les fourmis \u00e9claireuses, responsables de trouver l\u2019alimentation et, au moyen de la trophallaxie, de la faire parvenir \u00e0 l\u2019int\u00e9rieur de la fourmili\u00e8re (transfert de l\u2019app\u00e2t).<\/p>\n<p>La texture complexe de Magnum GEL Fourmis IGR Plus <strong>combine une relation parfaite entre les sucres et les prot\u00e9ines<\/strong> qui donnent \u00e0 l\u2019app\u00e2t une attraction imm\u00e9diate pour les principales esp\u00e8ces de fourmis nuisibles.<\/p>\n<p>MAGNUM GEL Fourmis IGR Plus a \u00e9t\u00e9 formul\u00e9 de fa\u00e7on \u00e0 ce qu\u2019il conserve une texture appropri\u00e9e pour une ingestion facile puis une mortalit\u00e9 par transfert.<\/p>\n<\/div>\n<\/div>\n<\/div>\n<\/div>\n<\/div>\n<\/div>\n<\/div>\n<\/div>\n<\/div>\n<\/div>\n","protected":false},"excerpt":{"rendered":"<div class=\"title_page_produit\">\n<h2>MAGNUM GEL FOURMIS IGR<\/h2>\n<p>Contr\u00f4le total des colonies<\/p>\n<\/div>\n<div class=\"list_page_produit\">\n<ul>\n<li><strong>Une texture sp\u00e9ciale favorisant l\u2019ingestion par les fourmis<\/strong><\/li>\n<li>Attractivit\u00e9 imm\u00e9diate sur la plupart des esp\u00e8ces<\/li>\n<li>R\u00e9gulateur de croissance int\u00e9gr\u00e9 (IGR) : effet larvicide<\/li>\n<li><strong>Effet cascade au sein de la colonie : contr\u00f4le total<\/strong><\/li>\n<\/ul>\n<\/div>\n","protected":false},"featured_media":2227,"comment_status":"open","ping_status":"closed","template":"","meta":{"site-sidebar-layout":"default","site-content-layout":"","ast-site-content-layout":"default","site-content-style":"default","site-sidebar-style":"default","ast-global-header-display":"","ast-banner-title-visibility":"","ast-main-header-display":"","ast-hfb-above-header-display":"","ast-hfb-below-header-display":"","ast-hfb-mobile-header-display":"","site-post-title":"","ast-breadcrumbs-content":"","ast-featured-img":"","footer-sml-layout":"","theme-transparent-header-meta":"default","adv-header-id-meta":"","stick-header-meta":"","header-above-stick-meta":"","header-main-stick-meta":"","header-below-stick-meta":"","astra-migrate-meta-layouts":"set","ast-page-background-enabled":"default","ast-page-background-meta":{"desktop":{"background-color":"","background-image":"","background-repeat":"repeat","background-position":"center center","background-size":"auto","background-attachment":"scroll","background-type":"","background-media":"","overlay-type":"","overlay-color":"","overlay-opacity":"","overlay-gradient":""},"tablet":{"background-color":"","background-image":"","background-repeat":"repeat","background-position":"center center","background-size":"auto","background-attachment":"scroll","background-type":"","background-media":"","overlay-type":"","overlay-color":"","overlay-opacity":"","overlay-gradient":""},"mobile":{"background-color":"","background-image":"","background-repeat":"repeat","background-position":"center center","background-size":"auto","background-attachment":"scroll","background-type":"","background-media":"","overlay-type":"","overlay-color":"","overlay-opacity":"","overlay-gradient":""}},"ast-content-background-meta":{"desktop":{"background-color":"var(--ast-global-color-5)","background-image":"","background-repeat":"repeat","background-position":"center center","background-size":"auto","background-attachment":"scroll","background-type":"","background-media":"","overlay-type":"","overlay-color":"","overlay-opacity":"","overlay-gradient":""},"tablet":{"background-color":"var(--ast-global-color-5)","background-image":"","background-repeat":"repeat","background-position":"center center","background-size":"auto","background-attachment":"scroll","background-type":"","background-media":"","overlay-type":"","overlay-color":"","overlay-opacity":"","overlay-gradient":""},"mobile":{"background-color":"var(--ast-global-color-5)","background-image":"","background-repeat":"repeat","background-position":"center center","background-size":"auto","background-attachment":"scroll","background-type":"","background-media":"","overlay-type":"","overlay-color":"","overlay-opacity":"","overlay-gradient":""}},"_themeisle_gutenberg_block_has_review":false,"_kadence_starter_templates_imported_post":false},"product_brand":[],"product_cat":[20,47],"product_tag":[],"class_list":{"0":"post-2224","1":"product","2":"type-product","3":"status-publish","4":"has-post-thumbnail","6":"product_cat-non-classe","7":"product_cat-phyto-san","8":"desktop-align-left","9":"tablet-align-left","10":"mobile-align-left","12":"first","13":"instock","14":"shipping-taxable","15":"product-type-simple"},"_links":{"self":[{"href":"https:\/\/phyto-san.com\/index.php?rest_route=\/wp\/v2\/product\/2224","targetHints":{"allow":["GET"]}}],"collection":[{"href":"https:\/\/phyto-san.com\/index.php?rest_route=\/wp\/v2\/product"}],"about":[{"href":"https:\/\/phyto-san.com\/index.php?rest_route=\/wp\/v2\/types\/product"}],"replies":[{"embeddable":true,"href":"https:\/\/phyto-san.com\/index.php?rest_route=%2Fwp%2Fv2%2Fcomments&post=2224"}],"wp:featuredmedia":[{"embeddable":true,"href":"https:\/\/phyto-san.com\/index.php?rest_route=\/wp\/v2\/media\/2227"}],"wp:attachment":[{"href":"https:\/\/phyto-san.com\/index.php?rest_route=%2Fwp%2Fv2%2Fmedia&parent=2224"}],"wp:term":[{"taxonomy":"product_brand","embeddable":true,"href":"https:\/\/phyto-san.com\/index.php?rest_route=%2Fwp%2Fv2%2Fproduct_brand&post=2224"},{"taxonomy":"product_cat","embeddable":true,"href":"https:\/\/phyto-san.com\/index.php?rest_route=%2Fwp%2Fv2%2Fproduct_cat&post=2224"},{"taxonomy":"product_tag","embeddable":true,"href":"https:\/\/phyto-san.com\/index.php?rest_route=%2Fwp%2Fv2%2Fproduct_tag&post=2224"}],"curies":[{"name":"wp","href":"https:\/\/api.w.org\/{rel}","templated":true}]}}