{"id":2215,"date":"2025-03-05T11:29:06","date_gmt":"2025-03-05T11:29:06","guid":{"rendered":"https:\/\/phyto-san.com\/?post_type=product&#038;p=2215"},"modified":"2025-03-06T16:28:30","modified_gmt":"2025-03-06T16:28:30","slug":"fly-control-2-x-15w-2","status":"publish","type":"product","link":"https:\/\/phyto-san.com\/?product=fly-control-2-x-15w-2","title":{"rendered":"FLY-CONTROL 2 x 15W"},"content":{"rendered":"<div id=\"description1\" class=\"tab-pane fade show active text_profile_paragraphe\" role=\"tabpanel\" aria-labelledby=\"description\">\n<div class=\"contenue_profile_paragraphe\">\n<div id=\"description1\" class=\"tab-pane fade show active text_profile_paragraphe\" role=\"tabpanel\" aria-labelledby=\"description\">\n<div class=\"contenue_profile_paragraphe\">\n<div id=\"description1\" class=\"tab-pane fade show active text_profile_paragraphe\" role=\"tabpanel\" aria-labelledby=\"description\">\n<div class=\"contenue_profile_paragraphe\">\n<div class=\"h-text h-text-component style-754 style-local-1038-c83 position-relative h-element\" data-colibri-id=\"1038-c83\">\n<div class=\"\">\n<p>Mod\u00e8le sp\u00e9cialement \u00e9tudi\u00e9 pour les industries, magasins d\u2019alimentation, snacks, restaurants, p\u00e2tisseries&#8230; \u00a0Il est disponible en blanc ou en inox et poss\u00e8de un t\u00e9moin lumineux de bon fonctionnement.<\/p>\n<div id=\"description1\" class=\"tab-pane fade show active text_profile_paragraphe\" role=\"tabpanel\" aria-labelledby=\"description\">\n<div class=\"contenue_profile_paragraphe\">\n<p><strong>Mod\u00e8le \u00e0 fixation murale tr\u00e8s appr\u00e9ci\u00e9 des professionnels 3D<\/strong> comme des industriels pour sa solidit\u00e9 et sa conformit\u00e9 aux normes internationales de s\u00e9curit\u00e9 alimentaire : BRC, IFS, AIB, ISO\u2026.<\/p>\n<p>Appareil compos\u00e9 de 2 lampes UV 15W gain\u00e9es (anti-bris de verre) et d\u2019un panneau collant pour capturer sans bruit ni risque de projection. La colle r\u00e9sistante aux UV est impr\u00e9gn\u00e9e d\u2019un attractif pour augmenter l\u2019efficacit\u00e9.<\/p>\n<p>FLY CONTROL est conforme HACCP et poss\u00e8de une protection eau\/poussi\u00e8re en cas de projection (IP 25)<\/p>\n<p><em>Pour une efficacit\u00e9 maximale, optimiser le positionnement (\u00e0 l\u2019abri du rayonnement solaire, \u00e0 une hauteur situ\u00e9e entre 2 et 3 m\u00e8tres, \u00e9cart\u00e9 des courants d\u2019air importants) et pr\u00e9voir une alimentation \u00e9lectrique en fonctionnement \u00a024\/24 car les insectes sont toujours plus actifs la nuit. Changer la lampe UV une fois par an et la plaque tous les 1 \u00e0 2 mois.<\/em><\/p>\n<\/div>\n<\/div>\n<\/div>\n<\/div>\n<\/div>\n<\/div>\n<\/div>\n<\/div>\n<\/div>\n<\/div>\n","protected":false},"excerpt":{"rendered":"<div class=\"title_page_produit\">\n<h2>FLY-CONTROL 2 x 15W<\/h2>\n<p>Appareil industriel puissant<\/p>\n<\/div>\n<div class=\"list_page_produit\">\n<ul>\n<li><strong>Mod\u00e8le mural \u00e0 champ lumineux puissant<\/strong><\/li>\n<li>IP 25 : r\u00e9sistance projections eau et poussi\u00e8re<\/li>\n<li>Fabrication selon les normes internationales<\/li>\n<li><strong>Conformit\u00e9 HACCP<\/strong><\/li>\n<\/ul>\n<\/div>\n","protected":false},"featured_media":2216,"comment_status":"open","ping_status":"closed","template":"","meta":{"site-sidebar-layout":"default","site-content-layout":"","ast-site-content-layout":"default","site-content-style":"default","site-sidebar-style":"default","ast-global-header-display":"","ast-banner-title-visibility":"","ast-main-header-display":"","ast-hfb-above-header-display":"","ast-hfb-below-header-display":"","ast-hfb-mobile-header-display":"","site-post-title":"","ast-breadcrumbs-content":"","ast-featured-img":"","footer-sml-layout":"","theme-transparent-header-meta":"default","adv-header-id-meta":"","stick-header-meta":"","header-above-stick-meta":"","header-main-stick-meta":"","header-below-stick-meta":"","astra-migrate-meta-layouts":"set","ast-page-background-enabled":"default","ast-page-background-meta":{"desktop":{"background-color":"","background-image":"","background-repeat":"repeat","background-position":"center center","background-size":"auto","background-attachment":"scroll","background-type":"","background-media":"","overlay-type":"","overlay-color":"","overlay-opacity":"","overlay-gradient":""},"tablet":{"background-color":"","background-image":"","background-repeat":"repeat","background-position":"center center","background-size":"auto","background-attachment":"scroll","background-type":"","background-media":"","overlay-type":"","overlay-color":"","overlay-opacity":"","overlay-gradient":""},"mobile":{"background-color":"","background-image":"","background-repeat":"repeat","background-position":"center center","background-size":"auto","background-attachment":"scroll","background-type":"","background-media":"","overlay-type":"","overlay-color":"","overlay-opacity":"","overlay-gradient":""}},"ast-content-background-meta":{"desktop":{"background-color":"var(--ast-global-color-5)","background-image":"","background-repeat":"repeat","background-position":"center center","background-size":"auto","background-attachment":"scroll","background-type":"","background-media":"","overlay-type":"","overlay-color":"","overlay-opacity":"","overlay-gradient":""},"tablet":{"background-color":"var(--ast-global-color-5)","background-image":"","background-repeat":"repeat","background-position":"center center","background-size":"auto","background-attachment":"scroll","background-type":"","background-media":"","overlay-type":"","overlay-color":"","overlay-opacity":"","overlay-gradient":""},"mobile":{"background-color":"var(--ast-global-color-5)","background-image":"","background-repeat":"repeat","background-position":"center center","background-size":"auto","background-attachment":"scroll","background-type":"","background-media":"","overlay-type":"","overlay-color":"","overlay-opacity":"","overlay-gradient":""}},"_themeisle_gutenberg_block_has_review":false,"_kadence_starter_templates_imported_post":false},"product_brand":[],"product_cat":[20,47],"product_tag":[],"class_list":{"0":"post-2215","1":"product","2":"type-product","3":"status-publish","4":"has-post-thumbnail","6":"product_cat-non-classe","7":"product_cat-phyto-san","8":"desktop-align-left","9":"tablet-align-left","10":"mobile-align-left","12":"first","13":"instock","14":"shipping-taxable","15":"product-type-simple"},"_links":{"self":[{"href":"https:\/\/phyto-san.com\/index.php?rest_route=\/wp\/v2\/product\/2215","targetHints":{"allow":["GET"]}}],"collection":[{"href":"https:\/\/phyto-san.com\/index.php?rest_route=\/wp\/v2\/product"}],"about":[{"href":"https:\/\/phyto-san.com\/index.php?rest_route=\/wp\/v2\/types\/product"}],"replies":[{"embeddable":true,"href":"https:\/\/phyto-san.com\/index.php?rest_route=%2Fwp%2Fv2%2Fcomments&post=2215"}],"wp:featuredmedia":[{"embeddable":true,"href":"https:\/\/phyto-san.com\/index.php?rest_route=\/wp\/v2\/media\/2216"}],"wp:attachment":[{"href":"https:\/\/phyto-san.com\/index.php?rest_route=%2Fwp%2Fv2%2Fmedia&parent=2215"}],"wp:term":[{"taxonomy":"product_brand","embeddable":true,"href":"https:\/\/phyto-san.com\/index.php?rest_route=%2Fwp%2Fv2%2Fproduct_brand&post=2215"},{"taxonomy":"product_cat","embeddable":true,"href":"https:\/\/phyto-san.com\/index.php?rest_route=%2Fwp%2Fv2%2Fproduct_cat&post=2215"},{"taxonomy":"product_tag","embeddable":true,"href":"https:\/\/phyto-san.com\/index.php?rest_route=%2Fwp%2Fv2%2Fproduct_tag&post=2215"}],"curies":[{"name":"wp","href":"https:\/\/api.w.org\/{rel}","templated":true}]}}