{"id":2206,"date":"2025-03-05T11:14:26","date_gmt":"2025-03-05T11:14:26","guid":{"rendered":"https:\/\/phyto-san.com\/?post_type=product&#038;p=2206"},"modified":"2025-03-06T16:28:31","modified_gmt":"2025-03-06T16:28:31","slug":"fly-tec","status":"publish","type":"product","link":"https:\/\/phyto-san.com\/?product=fly-tec","title":{"rendered":"FLY-TEC"},"content":{"rendered":"<div id=\"description1\" class=\"tab-pane fade show active text_profile_paragraphe\" role=\"tabpanel\" aria-labelledby=\"description\">\n<div class=\"contenue_profile_paragraphe\">\n<div id=\"description1\" class=\"tab-pane fade show active text_profile_paragraphe\" role=\"tabpanel\" aria-labelledby=\"description\">\n<div class=\"contenue_profile_paragraphe\">\n<div id=\"description1\" class=\"tab-pane fade show active text_profile_paragraphe\" role=\"tabpanel\" aria-labelledby=\"description\">\n<div class=\"contenue_profile_paragraphe\">\n<p><strong>FLY TEC<\/strong>\u00a0est une applique murale \u00e0 alimentation \u00e9lectrique. Son attractivit\u00e9 remarquable repose sur des propri\u00e9t\u00e9s professionnelles :<\/p>\n<ol>\n<li>Une lampe 15W \u00e0 \u00e9mission UV (de fabrication allemande) qui \u00a0\u00e9met un puissant rayonnement capt\u00e9 par les insectes volants. Ce rayonnement est sans aucun danger\u00a0pour l\u2019homme. La lampe UV est\u00a0efficace jusqu\u2019\u00e0 1 an. <strong>Elle est \u00e9quip\u00e9e d\u2019une gaine\u00a0sp\u00e9ciale<\/strong> pour \u00e9viter les risques en cas de bris de verre.<\/li>\n<li>Un panneau collant cach\u00e9 derri\u00e8re le ch\u00e2ssis de l\u2019appareil et plac\u00e9 juste derri\u00e8re le\u00a0tube UV. Ce panneau sert \u00e0 capturer les insectes. Aucun bruit ni odeur ne sont \u00e9mis\u00a0et la d\u00e9sinsectisation se fait en\u00a0toute discr\u00e9tion. Le panneau est lui aussi compos\u00e9\u00a0d\u2019un attractif suppl\u00e9mentaire pour augmenter l\u2019efficacit\u00e9!<\/li>\n<\/ol>\n<p><strong>FLY TEC r\u00e9pond aux exigences HACCP<\/strong>. Il est efficace sur mouches, drosophiles, moustiques, mites, gu\u00eapes, psychodes\u2026<\/p>\n<p><strong>FLY TEC<\/strong> est assembl\u00e9 en Europe et son design discret et \u00e9l\u00e9gant lui permet d\u2019\u00eatre positionn\u00e9 dans de nombreux types de locaux : h\u00f4tels, bars, restaurants, caf\u00e9s, cuisines, bureaux, salles de r\u00e9unions\u2026<\/p>\n<\/div>\n<\/div>\n<\/div>\n<\/div>\n<\/div>\n<\/div>\n","protected":false},"excerpt":{"rendered":"<div class=\"title_page_produit\">\n<h2>FLY-TEC<\/h2>\n<p>El\u00e9gant, Discret, Efficace<\/p>\n<\/div>\n<div class=\"list_page_produit\">\n<ul>\n<li>Pi\u00e8ge UV \u00e9cologique pour insectes volants<\/li>\n<li><strong>Avec panneau collant (sans bruit, ni odeur)<\/strong><\/li>\n<li>Existe en noir, blanc ou en inox<\/li>\n<li><strong>R\u00e9pond aux exigences HACCP<\/strong><\/li>\n<li>Fa\u00e7ade \u00e9l\u00e9gante et masquante<\/li>\n<\/ul>\n<\/div>\n","protected":false},"featured_media":2207,"comment_status":"open","ping_status":"closed","template":"","meta":{"site-sidebar-layout":"default","site-content-layout":"","ast-site-content-layout":"default","site-content-style":"default","site-sidebar-style":"default","ast-global-header-display":"","ast-banner-title-visibility":"","ast-main-header-display":"","ast-hfb-above-header-display":"","ast-hfb-below-header-display":"","ast-hfb-mobile-header-display":"","site-post-title":"","ast-breadcrumbs-content":"","ast-featured-img":"","footer-sml-layout":"","theme-transparent-header-meta":"default","adv-header-id-meta":"","stick-header-meta":"","header-above-stick-meta":"","header-main-stick-meta":"","header-below-stick-meta":"","astra-migrate-meta-layouts":"set","ast-page-background-enabled":"default","ast-page-background-meta":{"desktop":{"background-color":"","background-image":"","background-repeat":"repeat","background-position":"center center","background-size":"auto","background-attachment":"scroll","background-type":"","background-media":"","overlay-type":"","overlay-color":"","overlay-opacity":"","overlay-gradient":""},"tablet":{"background-color":"","background-image":"","background-repeat":"repeat","background-position":"center center","background-size":"auto","background-attachment":"scroll","background-type":"","background-media":"","overlay-type":"","overlay-color":"","overlay-opacity":"","overlay-gradient":""},"mobile":{"background-color":"","background-image":"","background-repeat":"repeat","background-position":"center center","background-size":"auto","background-attachment":"scroll","background-type":"","background-media":"","overlay-type":"","overlay-color":"","overlay-opacity":"","overlay-gradient":""}},"ast-content-background-meta":{"desktop":{"background-color":"var(--ast-global-color-5)","background-image":"","background-repeat":"repeat","background-position":"center center","background-size":"auto","background-attachment":"scroll","background-type":"","background-media":"","overlay-type":"","overlay-color":"","overlay-opacity":"","overlay-gradient":""},"tablet":{"background-color":"var(--ast-global-color-5)","background-image":"","background-repeat":"repeat","background-position":"center center","background-size":"auto","background-attachment":"scroll","background-type":"","background-media":"","overlay-type":"","overlay-color":"","overlay-opacity":"","overlay-gradient":""},"mobile":{"background-color":"var(--ast-global-color-5)","background-image":"","background-repeat":"repeat","background-position":"center center","background-size":"auto","background-attachment":"scroll","background-type":"","background-media":"","overlay-type":"","overlay-color":"","overlay-opacity":"","overlay-gradient":""}},"_themeisle_gutenberg_block_has_review":false,"_kadence_starter_templates_imported_post":false},"product_brand":[],"product_cat":[20,47],"product_tag":[],"class_list":{"0":"post-2206","1":"product","2":"type-product","3":"status-publish","4":"has-post-thumbnail","6":"product_cat-non-classe","7":"product_cat-phyto-san","8":"desktop-align-left","9":"tablet-align-left","10":"mobile-align-left","12":"first","13":"instock","14":"shipping-taxable","15":"product-type-simple"},"_links":{"self":[{"href":"https:\/\/phyto-san.com\/index.php?rest_route=\/wp\/v2\/product\/2206","targetHints":{"allow":["GET"]}}],"collection":[{"href":"https:\/\/phyto-san.com\/index.php?rest_route=\/wp\/v2\/product"}],"about":[{"href":"https:\/\/phyto-san.com\/index.php?rest_route=\/wp\/v2\/types\/product"}],"replies":[{"embeddable":true,"href":"https:\/\/phyto-san.com\/index.php?rest_route=%2Fwp%2Fv2%2Fcomments&post=2206"}],"wp:featuredmedia":[{"embeddable":true,"href":"https:\/\/phyto-san.com\/index.php?rest_route=\/wp\/v2\/media\/2207"}],"wp:attachment":[{"href":"https:\/\/phyto-san.com\/index.php?rest_route=%2Fwp%2Fv2%2Fmedia&parent=2206"}],"wp:term":[{"taxonomy":"product_brand","embeddable":true,"href":"https:\/\/phyto-san.com\/index.php?rest_route=%2Fwp%2Fv2%2Fproduct_brand&post=2206"},{"taxonomy":"product_cat","embeddable":true,"href":"https:\/\/phyto-san.com\/index.php?rest_route=%2Fwp%2Fv2%2Fproduct_cat&post=2206"},{"taxonomy":"product_tag","embeddable":true,"href":"https:\/\/phyto-san.com\/index.php?rest_route=%2Fwp%2Fv2%2Fproduct_tag&post=2206"}],"curies":[{"name":"wp","href":"https:\/\/api.w.org\/{rel}","templated":true}]}}