{"id":2184,"date":"2025-03-05T10:40:52","date_gmt":"2025-03-05T10:40:52","guid":{"rendered":"https:\/\/phyto-san.com\/?post_type=product&#038;p=2184"},"modified":"2025-03-06T16:28:54","modified_gmt":"2025-03-06T16:28:54","slug":"air-control-sanitizer","status":"publish","type":"product","link":"https:\/\/phyto-san.com\/?product=air-control-sanitizer","title":{"rendered":"AIR CONTROL SANITIZER"},"content":{"rendered":"<p><strong>AIR CONTROL Sanitizer<\/strong> est un a\u00e9rosol d\u00e9sinfectant \u00e0 double mati\u00e8re active et d\u2019une contenance de 250ml. Il est efficace pour l\u2019\u00e9limination des bact\u00e9ries, champignons, et virus pr\u00e9sents dans l\u2019air, notamment dans les espaces clos \u00e0 faible a\u00e9ration naturelle. Il est sp\u00e9cialement con\u00e7u pour purifier l\u2019air des locaux suivants : bureaux, vestiaires, sanitaires, cantines, gymnases, cabinets m\u00e9dicaux, laboratoires\u2026.<\/p>\n<div id=\"description1\" class=\"tab-pane fade show active text_profile_paragraphe\" role=\"tabpanel\" aria-labelledby=\"description\">\n<div class=\"contenue_profile_paragraphe\">\n<p>AIR CONTROL Sanitizer diffuse de tr\u00e8s fines particules l\u00e9g\u00e8res qui assainissent l\u2019environnement sans t\u00e2cher ou incommoder les occupants. De plus, sa formulation sp\u00e9cifique neutralise les mauvaises odeurs.<\/p>\n<p><em>R\u00e9serv\u00e9 pour l\u2019hygi\u00e8ne publique (hors corporel, agro-alimentaire, ou v\u00e9t\u00e9rinaire).<\/em><\/p>\n<p>L\u2019a\u00e9rosol doit \u00eatre utilis\u00e9 dans le boitier AIR FREE afin de purifier en continu les locaux gr\u00e2ce au syst\u00e8me d\u2019auto-diffusion r\u00e9glable (Jour\/Nuit et avec temporisation 7\/15\/30 minutes). Chaque a\u00e9rosol garantie 3000 pulv\u00e9risations et une dur\u00e9e de 30 jours (avec un intervalle de pulv\u00e9risation de 15 minutes).<br \/>\nL\u2019assinissement de l\u2019air se fait sans retomb\u00e9es nocives pour les occupants car la t\u00eate de diffusion sp\u00e9cifique produits de minuscules gouttelettes qui restent en suspension sans ph\u00e9nom\u00e8ne d\u2019accumulation toxique.<\/p>\n<\/div>\n<\/div>\n","protected":false},"excerpt":{"rendered":"<div class=\"title_page_produit\">\n<h2>AIR CONTROL SANITIZER<\/h2>\n<p>La d\u00e9sinfection automatis\u00e9e<\/p>\n<\/div>\n<div class=\"list_page_produit\">\n<ul>\n<li><strong>Bact\u00e9ricide, Fongicide, Virucide<\/strong><\/li>\n<li>Purifie l\u2019air en r\u00e9duisant la charge microbienne<\/li>\n<li>Micro-diffusions sans retomb\u00e9es<\/li>\n<li><strong>Neutralise \u00e9galement les mauvaises odeurs<\/strong><\/li>\n<li>Auto-diffus\u00e9 avec le boitier AIR FREE<\/li>\n<\/ul>\n<\/div>\n","protected":false},"featured_media":2185,"comment_status":"open","ping_status":"closed","template":"","meta":{"site-sidebar-layout":"default","site-content-layout":"","ast-site-content-layout":"default","site-content-style":"default","site-sidebar-style":"default","ast-global-header-display":"","ast-banner-title-visibility":"","ast-main-header-display":"","ast-hfb-above-header-display":"","ast-hfb-below-header-display":"","ast-hfb-mobile-header-display":"","site-post-title":"","ast-breadcrumbs-content":"","ast-featured-img":"","footer-sml-layout":"","theme-transparent-header-meta":"default","adv-header-id-meta":"","stick-header-meta":"","header-above-stick-meta":"","header-main-stick-meta":"","header-below-stick-meta":"","astra-migrate-meta-layouts":"set","ast-page-background-enabled":"default","ast-page-background-meta":{"desktop":{"background-color":"","background-image":"","background-repeat":"repeat","background-position":"center center","background-size":"auto","background-attachment":"scroll","background-type":"","background-media":"","overlay-type":"","overlay-color":"","overlay-opacity":"","overlay-gradient":""},"tablet":{"background-color":"","background-image":"","background-repeat":"repeat","background-position":"center center","background-size":"auto","background-attachment":"scroll","background-type":"","background-media":"","overlay-type":"","overlay-color":"","overlay-opacity":"","overlay-gradient":""},"mobile":{"background-color":"","background-image":"","background-repeat":"repeat","background-position":"center center","background-size":"auto","background-attachment":"scroll","background-type":"","background-media":"","overlay-type":"","overlay-color":"","overlay-opacity":"","overlay-gradient":""}},"ast-content-background-meta":{"desktop":{"background-color":"var(--ast-global-color-5)","background-image":"","background-repeat":"repeat","background-position":"center center","background-size":"auto","background-attachment":"scroll","background-type":"","background-media":"","overlay-type":"","overlay-color":"","overlay-opacity":"","overlay-gradient":""},"tablet":{"background-color":"var(--ast-global-color-5)","background-image":"","background-repeat":"repeat","background-position":"center center","background-size":"auto","background-attachment":"scroll","background-type":"","background-media":"","overlay-type":"","overlay-color":"","overlay-opacity":"","overlay-gradient":""},"mobile":{"background-color":"var(--ast-global-color-5)","background-image":"","background-repeat":"repeat","background-position":"center center","background-size":"auto","background-attachment":"scroll","background-type":"","background-media":"","overlay-type":"","overlay-color":"","overlay-opacity":"","overlay-gradient":""}},"_themeisle_gutenberg_block_has_review":false,"_kadence_starter_templates_imported_post":false},"product_brand":[],"product_cat":[20,47],"product_tag":[],"class_list":{"0":"post-2184","1":"product","2":"type-product","3":"status-publish","4":"has-post-thumbnail","6":"product_cat-non-classe","7":"product_cat-phyto-san","8":"desktop-align-left","9":"tablet-align-left","10":"mobile-align-left","12":"first","13":"instock","14":"shipping-taxable","15":"product-type-simple"},"_links":{"self":[{"href":"https:\/\/phyto-san.com\/index.php?rest_route=\/wp\/v2\/product\/2184","targetHints":{"allow":["GET"]}}],"collection":[{"href":"https:\/\/phyto-san.com\/index.php?rest_route=\/wp\/v2\/product"}],"about":[{"href":"https:\/\/phyto-san.com\/index.php?rest_route=\/wp\/v2\/types\/product"}],"replies":[{"embeddable":true,"href":"https:\/\/phyto-san.com\/index.php?rest_route=%2Fwp%2Fv2%2Fcomments&post=2184"}],"wp:featuredmedia":[{"embeddable":true,"href":"https:\/\/phyto-san.com\/index.php?rest_route=\/wp\/v2\/media\/2185"}],"wp:attachment":[{"href":"https:\/\/phyto-san.com\/index.php?rest_route=%2Fwp%2Fv2%2Fmedia&parent=2184"}],"wp:term":[{"taxonomy":"product_brand","embeddable":true,"href":"https:\/\/phyto-san.com\/index.php?rest_route=%2Fwp%2Fv2%2Fproduct_brand&post=2184"},{"taxonomy":"product_cat","embeddable":true,"href":"https:\/\/phyto-san.com\/index.php?rest_route=%2Fwp%2Fv2%2Fproduct_cat&post=2184"},{"taxonomy":"product_tag","embeddable":true,"href":"https:\/\/phyto-san.com\/index.php?rest_route=%2Fwp%2Fv2%2Fproduct_tag&post=2184"}],"curies":[{"name":"wp","href":"https:\/\/api.w.org\/{rel}","templated":true}]}}